{"id":2437,"date":"2025-04-11T11:04:58","date_gmt":"2025-04-11T09:04:58","guid":{"rendered":"https:\/\/www.rovimatica.com\/nosotros\/"},"modified":"2026-04-07T09:50:22","modified_gmt":"2026-04-07T07:50:22","slug":"about","status":"publish","type":"page","link":"https:\/\/www.rovimatica.com\/en\/about\/","title":{"rendered":"About"},"content":{"rendered":"\n<div    class='bg-bold-purple relative overflow-hidden  min-h-dvh flex items-center'    >\n    \n\n\n            <h3>Simple image<\/h3>\n    \n\n\n\n<div    class='absolute inset-0 w-full h-full bg-bold-purple\/30 hidden'    >\n    \n<\/div>\n\n\n<div    class='relative container flex items-center justify-center px-30 pb-60 pt-100 w-full h-full'    >\n    \n\n<h2 class=\"wp-block-heading text-4xl xl:text-6xl text-soft-white\" data-aos=\"splitInUp\">About Us<\/h2>\n\n\n<\/div>\n\n<\/div>\n\n\n<section    class='aboutus pt-100'    >\n    \n\n<div    class='sticky  h-dvh bg-linear-to-b from-dark-navy to-vivid-blue rounded-t-xl xl:rounded-t-rovi flex justify-center items-center'    >\n    \n\n<div    class='container flex flex-col xl:flex-row justify-center items-center py-60 px-20 py-30'    >\n    \n\n<div    class='flex-1  flex flex-col gap-30 text-center items-center  max-w-650'    >\n    \n\n<h2 class=\"wp-block-heading text-md text-vivid-blue font-normal uppercase\" data-aos=\"splitInUp\">\u25cf Advanced solutions<\/h2>\n\n\n\n<h2 class=\"wp-block-heading text-2xl xl:text-3xl text-soft-white max-w-500\" data-aos=\"splitInUp\">Robotics, vision, AI and Automation for the industrial future<\/h2>\n\n\n\n<p class=\"text-lg xl:text-xl text-soft-white\" data-aos=\"splitInUp\">ROVIMATICA is constituted to contribute significantly to the improvement of efficiency, productivity, quality and competitiveness of the industrial sector through the application of advanced technologies for the development of innovative solutions in industrial automation.<\/p>\n\n\n<\/div>\n\n<\/div>\n\n<\/div>\n\n\n<div    class='sticky h-dvh bg-linear-to-b from-dark-navy to-vivid-blue rounded-t-xl xl:rounded-t-rovi flex justify-center items-center'    >\n    \n\n<div    class='container flex flex-col xl:flex-row justify-center items-center py-60 px-20 py-30'    >\n    \n\n<div    class='flex-1 flex flex-col gap-30 text-center  items-center max-w-650'    >\n    \n\n<h2 class=\"wp-block-heading text-md text-vivid-blue font-normal uppercase\" data-aos=\"splitInUp\">\u25cf Pursuit of excellence<\/h2>\n\n\n\n<h2 class=\"wp-block-heading text-2xl xl:text-3xl text-soft-white max-w-500\" data-aos=\"splitInUp\">Comprehensive service<\/h2>\n\n\n\n<p class=\"text-lg xl:text-xl text-soft-white\" data-aos=\"splitInUp\">It has highly qualified personnel in the fields of robotics, artificial vision, automation and control in factories and special vehicles, mechanics, electrification, development of special solutions and special machinery. It also has an important R+D+i department for the realization of its customers&#8217; ideas and the development of new products.<\/p>\n\n\n<\/div>\n\n<\/div>\n\n<\/div>\n\n\n<div    class='sticky h-dvh bg-linear-to-b from-dark-navy to-vivid-blue rounded-t-xl xl:rounded-t-rovi flex justify-center items-center'    >\n    \n\n<div    class='container flex flex-col xl:flex-row justify-center items-center py-60 px-20 py-30'    >\n    \n\n<div    class='flex-1 flex flex-col gap-30 text-center items-center max-w-650'    >\n    \n\n<h2 class=\"wp-block-heading text-md text-vivid-blue font-normal uppercase\" data-aos=\"splitInUp\">\u25cf Advanced solutions<\/h2>\n\n\n\n<h2 class=\"wp-block-heading text-2xl xl:text-3xl text-soft-white max-w-500\" data-aos=\"splitInUp\">Technology for the Industry of the Future<\/h2>\n\n\n\n<p class=\"text-lg xl:text-xl text-soft-white\" data-aos=\"splitInUp\">The company dedicates many resources to R+D+i, contributing the capacity for innovation and development of new ideas of the group of professionals that form ROVIMATICA, as well as our collaborators, in order to develop special solutions that solve the problems of our customers and society.<\/p>\n\n\n<\/div>\n\n<\/div>\n\n<\/div>\n\n<\/section>\n\n\n<div    class='py-100 relative overflow-hidden flex flex-col items-center justify-center  overflow-hidden gap-y-120'    >\n    \n\n\n            <h3>Simple image<\/h3>\n    \n\n\n\n<div    class='relative container flex flex-col gap-60'    >\n    \n\n<div    class='flex flex-wrap flex-col items-center justify-center gap-30 max-w-1200'    >\n    \n\n<h2 class=\"wp-block-heading text-3xl max-w-500\" data-aos=\"splitInUp\">Technological Excellence<\/h2>\n\n\n\n<p class=\"text-xl max-w-500 xl:text-center\" data-aos=\"splitInUp\">ROVIMATICA seeks to consolidate its position as a reference in innovative solutions by implementing advanced technologies to solve the current problems of its customers.<\/p>\n\n\n<\/div>\n\n\n<div    class='flex flex-col xl:flex-row items-start w-full gap-y-30'    >\n    \n\n<div    class='flex flex-col flex-1\/3 xl:border-e border-shiny-silver gap-30 xl:items-center'    data-aos-child>\n    \n\n<p class=\"text-vivid-blue text-2xl font-display xl:min-w-200 \" data-aos=\"splitInUp\">Growth<\/p>\n\n\n\n<p class=\"xl:max-w-200\" data-aos=\"splitInUp\">Since its beginnings, it has been growing and incorporating qualified professionals to provide a high value-added service to companies.<\/p>\n\n\n<\/div>\n\n\n<div    class='flex flex-col flex-1\/3 xl:border-e border-shiny-silver xl:items-center justify-center gap-30'    data-aos-child>\n    \n\n<p class=\"text-vivid-blue text-2xl font-display xl:min-w-200 \" data-aos=\"splitInUp\">Contact<\/p>\n\n\n\n<p class=\"xl:max-w-200\" data-aos=\"splitInUp\">We have been contacted by multinational companies with high quality standards requesting our services.<\/p>\n\n\n<\/div>\n\n\n<div    class='flex flex-col flex-1\/3  xl:items-center justify-center gap-30'    data-aos-child>\n    \n\n<p class=\"text-vivid-blue text-2xl font-display xl:min-w-200 \" data-aos=\"splitInUp\">International<\/p>\n\n\n\n<p class=\"xl:max-w-200\">It is mainly internationalizing process engineering services, performing automation, control and commissioning of large industrial plants.<\/p>\n\n\n<\/div>\n\n<\/div>\n\n<\/div>\n\n\n<div class=\"wp-block-group\"><div class=\"wp-block-group__inner-container is-layout-constrained wp-block-group-is-layout-constrained\">\n<div class=\"wp-block-group is-vertical is-layout-flex wp-container-core-group-is-layout-8cf370e7 wp-block-group-is-layout-flex\">\n<div    class='dynamic-columns relative w-full flex flex-col xl:flex-row container xl:space-x-30 gap-y-30'    data-aos=\"fadeIn\" data-aos-group>\n    \n\n<div    class='dynamic-columns relative w-full flex flex-col xl:flex-row container xl:space-x-30 gap-y-30'    data-aos=\"fadeIn\" data-aos-group>\n    \n\n<h2 class=\"wp-block-heading\">Management Policy<\/h2>\n\n\n<\/div>\n\n\n<div    class='dynamic-columns relative w-full flex flex-col xl:flex-row container xl:space-x-30 gap-y-30'    data-aos=\"fadeIn\" data-aos-group>\n    \n\n<p>As a company specialising in the delivery of projects and the implementation of automation, control and robotics systems, machine vision systems, industrial maintenance and the assembly of electrical panels, we have established a management policy comprising various guidelines<\/p>\n\n\n\n<p><a href=\"https:\/\/www.rovimatica.com\/en\/management-policy\/\" type=\"page\" id=\"2487\" class=\"btn\">Find out more<\/a><\/p>\n\n\n<\/div>\n\n<\/div>\n\n\n<br><br>\n\n\n\n<div    class='dynamic-columns relative w-full flex flex-col xl:flex-row container xl:space-x-30 gap-y-30'    data-aos=\"fadeIn\" data-aos-group>\n    \n\n<div    class='dynamic-columns relative w-full flex flex-col xl:flex-row container xl:space-x-30 gap-y-30'    data-aos=\"fadeIn\" data-aos-group>\n    \n\n<h2 class=\"wp-block-heading\">Ethical Channel<\/h2>\n\n\n<\/div>\n\n\n<div    class='dynamic-columns relative w-full flex flex-col xl:flex-row container xl:space-x-30 gap-y-30'    data-aos=\"fadeIn\" data-aos-group>\n    \n\n<p>We have an Ethics Channel, which allows you to report any incident or irregularity of potential significance that may contravene the provisions of our Code of Ethics and Conduct.<\/p>\n\n\n\n<p><a href=\"https:\/\/www.rovimatica.com\/en\/ethical-channel\/\" type=\"page\" id=\"2477\" class=\"btn\">Find out more<\/a><\/p>\n\n\n<\/div>\n\n<\/div><\/div>\n<\/div><\/div>\n\n\n<\/div>\n\n\n<section        data-aos=\"fadeIn\">\n    \n\n\n                    <img decoding=\"async\"  src=\"https:\/\/www.rovimatica.com\/wp-content\/uploads\/2025\/04\/Section.jpg\" class=\"object-cover w-full h-full\" \/>\n    \n\n\n<\/section>\n\n\n<div    class=' pt-60 pb-120 gap-20 relative overflow-hidden flex flex-col items-center justify-center  overflow-hidden bg-linear-to-b from-dark-navy to-vivid-blue'    bg>\n    \n\n<div    class='relative flex flex-col gap-60'    >\n    \n\n<div    class='container flex flex-wrap flex-col xl:flex-row items-center justify-center xl:justify-start gap-30 max-w-1200'    >\n    \n\n<div    class='xl:grow flex flex-col gap-30 w-full '    >\n    \n\n<h2 class=\"wp-block-heading text-md text-soft-white font-normal uppercase flex items-center\" data-aos=\"splitInUp\">\u25cf Our Team<\/h2>\n\n\n\n<h2 class=\"wp-block-heading text-3xl max-w-500 text-soft-white\" data-aos=\"splitInUp\">We have different types of apartments<\/h2>\n\n\n<\/div>\n\n<\/div>\n\n\n<div    class='hidden xl:grid grid-cols-1 lg:grid-cols-2 xl:grid-cols-4 w-full gap-30 px-30'    >\n    \n\n\n            <h3>Simple Card<\/h3>\n    \n\n\n\n\n            <h3>Simple Card<\/h3>\n    \n\n\n\n\n            <h3>Simple Card<\/h3>\n    \n\n\n\n\n            <h3>Simple Card<\/h3>\n    \n\n\n<\/div>\n\n\n<div    class='hidden xl:grid grid-cols-1 lg:grid-cols-2 xl:grid-cols-3 w-full gap-30 container'    >\n    \n\n\n            <h3>Simple Card<\/h3>\n    \n\n\n\n\n            <h3>Simple Card<\/h3>\n    \n\n\n\n\n            <h3>Simple Card<\/h3>\n    \n\n\n<\/div>\n\n<\/div>\n\n\n<div    class='block relative w-full xl:hidden pb-50 px-30'    data-aos=\"fadeIn\" data-aos-group >\n    \n\n<div    class='swiper services-listing__swiper'    >\n    \n\n<div    class='swiper-wrapper'    >\n    \n\n<div    class='swiper-slide !w-full '    >\n    \n\n\n            <h3>Simple Card<\/h3>\n    \n\n\n<\/div>\n\n\n<div    class='swiper-slide !w-full '    >\n    \n\n\n            <h3>Simple Card<\/h3>\n    \n\n\n<\/div>\n\n\n<div    class='swiper-slide !w-full '    >\n    \n\n\n            <h3>Simple Card<\/h3>\n    \n\n\n<\/div>\n\n\n<div    class='swiper-slide !w-full '    >\n    \n\n\n            <h3>Simple Card<\/h3>\n    \n\n\n<\/div>\n\n\n<div    class='swiper-slide !w-full '    >\n    \n\n\n            <h3>Simple Card<\/h3>\n    \n\n\n<\/div>\n\n\n<div    class='swiper-slide !w-full '    >\n    \n\n\n            <h3>Simple Card<\/h3>\n    \n\n\n<\/div>\n\n\n<div    class='swiper-slide !w-full '    >\n    \n\n\n            <h3>Simple Card<\/h3>\n    \n\n\n<\/div>\n\n<\/div>\n\n<\/div>\n\n\n<div    class='swiper-button-prev !text-bold-purple'    >\n    \n<\/div>\n\n\n<div    class='swiper-button-next !text-bold-purple'    >\n    \n<\/div>\n\n<\/div>\n\n<\/div>\n\n\n<div    class='xl:min-h-dvh py-60 relative overflow-hidden flex flex-col items-center justify-center  overflow-hidden gap-y-120'    >\n    \n\n\n            <h3>Simple image<\/h3>\n    \n\n\n\n<div    class='relative container'    >\n    \n\n<div    class='flex flex-wrap flex-col xl:flex-row items-center justify-center xl:justify-start gap-30 max-w-1200'    >\n    \n\n<div    class='xl:grow flex flex-col gap-30 w-full '    >\n    \n\n<h2 class=\"wp-block-heading text-md text-vivid-blue font-normal uppercase flex items-center\" data-aos=\"splitInUp\">\u25cf Iso regulations<\/h2>\n\n\n\n<h2 class=\"wp-block-heading text-3xl\" data-aos=\"splitInUp\">Certifications<\/h2>\n\n\n\n<p class=\"text-xl max-w-500\" data-aos=\"splitInUp\">We collaborate with strategic allies who share our vision of excellence and commitment.<\/p>\n\n\n<\/div>\n\n<\/div>\n\n<\/div>\n\n\n<div        >\n    \n\n<div    class='marquee'    >\n    \n\n<div data-aos=\"fadeIn\"    class='marquee__track w-3000'    >\n    \n\n<div    class='marquee__item min-w-200'    >\n    \n\n\n            <h3>Simple image<\/h3>\n    \n\n\n<\/div>\n\n\n<div    class='marquee__item min-w-200'    >\n    \n\n\n            <h3>Simple image<\/h3>\n    \n\n\n<\/div>\n\n\n<div    class='marquee__item min-w-200'    >\n    \n\n\n            <h3>Simple image<\/h3>\n    \n\n\n<\/div>\n\n\n<div    class='marquee__item min-w-200'    >\n    \n\n\n            <h3>Simple image<\/h3>\n    \n\n\n<\/div>\n\n\n<div    class='marquee__item min-w-200'    >\n    \n\n\n            <h3>Simple image<\/h3>\n    \n\n\n<\/div>\n\n\n<div    class='marquee__item min-w-200'    >\n    \n\n\n            <h3>Simple image<\/h3>\n    \n\n\n<\/div>\n\n\n<div    class='marquee__item min-w-200'    >\n    \n\n\n            <h3>Simple image<\/h3>\n    \n\n\n<\/div>\n\n\n<div    class='marquee__item min-w-200'    >\n    \n\n\n            <h3>Simple image<\/h3>\n    \n\n\n<\/div>\n\n\n<div    class='marquee__item min-w-200'    >\n    \n\n\n            <h3>Simple image<\/h3>\n    \n\n\n<\/div>\n\n\n<div    class='marquee__item min-w-200'    >\n    \n\n\n            <h3>Simple image<\/h3>\n    \n\n\n<\/div>\n\n\n<div    class='marquee__item min-w-200'    >\n    \n\n\n            <h3>Simple image<\/h3>\n    \n\n\n<\/div>\n\n\n<div    class='marquee__item min-w-200'    >\n    \n\n\n            <h3>Simple image<\/h3>\n    \n\n\n<\/div>\n\n\n<div    class='marquee__item min-w-200'    >\n    \n\n\n            <h3>Simple image<\/h3>\n    \n\n\n<\/div>\n\n\n<div    class='marquee__item min-w-200'    >\n    \n\n\n            <h3>Simple image<\/h3>\n    \n\n\n<\/div>\n\n\n<div    class='marquee__item min-w-200'    >\n    \n\n\n            <h3>Simple image<\/h3>\n    \n\n\n<\/div>\n\n\n<div    class='marquee__item min-w-200'    >\n    \n\n\n            <h3>Simple image<\/h3>\n    \n\n\n<\/div>\n\n\n<div    class='marquee__item min-w-200'    >\n    \n\n\n            <h3>Simple image<\/h3>\n    \n\n\n<\/div>\n\n\n<div    class='marquee__item min-w-200'    >\n    \n\n\n            <h3>Simple image<\/h3>\n    \n\n\n<\/div>\n\n\n<div    class='marquee__item min-w-230'    >\n    \n\n\n            <h3>Simple image<\/h3>\n    \n\n\n<\/div>\n\n\n<div    class='marquee__item min-w-200'    >\n    \n\n\n            <h3>Simple image<\/h3>\n    \n\n\n<\/div>\n\n<\/div>\n\n<\/div>\n\n<\/div>\n\n<\/div>\n\n\n<section        >\n    \n\n<div    class=' flex flex-col xl:flex-row px-30 space-y-30 xl:space-y-0 space-x-0 xl:space-x-30  pb-30'    >\n    \n\n<div    class='flex xl:flex-1\/3  flex-col justify-center items-center text-center  bg-linear-to-b from-dark-navy to-vivid-blue p-30 gap-30'    data-aos=\"fadeInRight\">\n    \n\n<h2 class=\"wp-block-heading text-3xl text-soft-white\" data-aos=\"splitInUp\">Our management policy<\/h2>\n\n\n\n\n    \n        \n        \n            <a data-aos=\"fadeInUp\"\n                href='\/en\/management-policy\/'                                class='btn text-soft-white'                                >\n\n                                            <span>Learn more<\/span>\n                        <span class=\"i-fluent-arrow-down-right-48-filled\"><\/span>\n                                            \n                    \n                    \n\n            <\/a>\n\n        \n    \n    \n\n\n\n                    <img decoding=\"async\"  src=\"https:\/\/www.rovimatica.com\/wp-content\/uploads\/2025\/05\/sectoresqueoperamos.jpg\" class=\"object-cover w-full h-full\" \/>\n    \n\n\n<\/div>\n\n\n<div    class='flex flex xl:flex-2\/3 flex-col justify-center items-center text-center bg-shiny-silver p-30 gap-30 rounded-tr-2xl xl:rounded-tr-rovi'    data-aos=\"fadeInLeft\">\n    \n\n\n                    <img decoding=\"async\"  src=\"https:\/\/www.rovimatica.com\/wp-content\/uploads\/2025\/05\/canaletico.jpg\" class=\"object-cover w-full h-full\" \/>\n    \n\n\n\n<h2 class=\"wp-block-heading text-3xl\" data-aos=\"splitInUp\">Get to know our Ethical channel<\/h2>\n\n\n\n<p class=\"text-xl max-w-500\" data-aos=\"splitInUp\">We work in a wide variety of sectors, adapting to the specific needs of each one and driving success.<\/p>\n\n\n\n\n    \n        \n        \n            <a data-aos=\"fadeInUp\"\n                href='\/en\/ethical-channel\/'                                class='btn'                                >\n\n                                            <span>Learn more<\/span>\n                        <span class=\"i-fluent-arrow-down-right-48-filled\"><\/span>\n                                            \n                    \n                    \n\n            <\/a>\n\n        \n    \n    \n\n<\/div>\n\n<\/div>\n\n<\/section>\n\n\n<section    class='relative pb-120'    data-aos=\"fadeIn\">\n    \n\n<div    class='px-30'    >\n    \n\n<div    class=' relative overflow-hidden py-120 px-30 rounded-bl-2xl xl:rounded-bl-rovi '    >\n    \n\n\n            <h3>Simple image<\/h3>\n    \n\n\n\n<div    class='absolute inset-0 w-full h-full bg-true-black\/70'    >\n    \n<\/div>\n\n\n<div    class='relative flex flex-col gap-30 items-center justify-center text-center'    >\n    \n\n<h2 class=\"wp-block-heading text-3xl text-soft-white\" data-aos=\"splitInUp\">Any questions?<\/h2>\n\n\n\n<div        >\n    \n\n<p class=\"text-xl max-w-500 text-soft-white \" data-aos=\"splitInUp\">We are here to help you!<\/p>\n\n\n\n<p class=\"text-xl max-w-500 text-soft-white \" data-aos=\"splitInUp\">Let&#8217;s find the solution together.<\/p>\n\n\n<\/div>\n\n\n\n    \n        \n        \n            <a data-aos=\"fadeInUp\"\n                href='\/en\/contact\/'                                class='btn text-soft-white'                                >\n\n                                            <span>Learn more<\/span>\n                        <span class=\"i-fluent-arrow-down-right-48-filled\"><\/span>\n                                            \n                    \n                    \n\n            <\/a>\n\n        \n    \n    \n\n<\/div>\n\n<\/div>\n\n<\/div>\n\n<\/section>","protected":false},"excerpt":{"rendered":"","protected":false},"author":1,"featured_media":0,"parent":0,"menu_order":0,"comment_status":"closed","ping_status":"closed","template":"","meta":{"inline_featured_image":false,"footnotes":""},"class_list":["post-2437","page","type-page","status-publish","hentry"],"yoast_head":"<!-- This site is optimized with the Yoast SEO plugin v27.2 - https:\/\/yoast.com\/product\/yoast-seo-wordpress\/ -->\n<title>About - Rovim\u00e1tica<\/title>\n<meta name=\"robots\" content=\"index, follow, max-snippet:-1, max-image-preview:large, max-video-preview:-1\" \/>\n<link rel=\"canonical\" href=\"https:\/\/www.rovimatica.com\/en\/about\/\" \/>\n<meta property=\"og:locale\" content=\"en_US\" \/>\n<meta property=\"og:type\" content=\"article\" \/>\n<meta property=\"og:title\" content=\"About - Rovim\u00e1tica\" \/>\n<meta property=\"og:url\" content=\"https:\/\/www.rovimatica.com\/en\/about\/\" \/>\n<meta property=\"og:site_name\" content=\"Rovim\u00e1tica\" \/>\n<meta property=\"article:modified_time\" content=\"2026-04-07T07:50:22+00:00\" \/>\n<meta name=\"twitter:card\" content=\"summary_large_image\" \/>\n<meta name=\"twitter:label1\" content=\"Est. reading time\" \/>\n\t<meta name=\"twitter:data1\" content=\"2 minutes\" \/>\n<script type=\"application\/ld+json\" class=\"yoast-schema-graph\">{\"@context\":\"https:\/\/schema.org\",\"@graph\":[{\"@type\":\"WebPage\",\"@id\":\"https:\/\/www.rovimatica.com\/en\/about\/\",\"url\":\"https:\/\/www.rovimatica.com\/en\/about\/\",\"name\":\"About - Rovim\u00e1tica\",\"isPartOf\":{\"@id\":\"https:\/\/www.rovimatica.com\/#website\"},\"datePublished\":\"2025-04-11T09:04:58+00:00\",\"dateModified\":\"2026-04-07T07:50:22+00:00\",\"breadcrumb\":{\"@id\":\"https:\/\/www.rovimatica.com\/en\/about\/#breadcrumb\"},\"inLanguage\":\"en-US\",\"potentialAction\":[{\"@type\":\"ReadAction\",\"target\":[\"https:\/\/www.rovimatica.com\/en\/about\/\"]}]},{\"@type\":\"BreadcrumbList\",\"@id\":\"https:\/\/www.rovimatica.com\/en\/about\/#breadcrumb\",\"itemListElement\":[{\"@type\":\"ListItem\",\"position\":1,\"name\":\"Portada\",\"item\":\"https:\/\/www.rovimatica.com\/en\/\"},{\"@type\":\"ListItem\",\"position\":2,\"name\":\"About\"}]},{\"@type\":\"WebSite\",\"@id\":\"https:\/\/www.rovimatica.com\/#website\",\"url\":\"https:\/\/www.rovimatica.com\/\",\"name\":\"Rovim\u00e1tica\",\"description\":\"Automatizaci\u00f3n industrial, visi\u00f3n artificial, veh\u00edculos industriales\",\"publisher\":{\"@id\":\"https:\/\/www.rovimatica.com\/#organization\"},\"potentialAction\":[{\"@type\":\"SearchAction\",\"target\":{\"@type\":\"EntryPoint\",\"urlTemplate\":\"https:\/\/www.rovimatica.com\/?s={search_term_string}\"},\"query-input\":{\"@type\":\"PropertyValueSpecification\",\"valueRequired\":true,\"valueName\":\"search_term_string\"}}],\"inLanguage\":\"en-US\"},{\"@type\":\"Organization\",\"@id\":\"https:\/\/www.rovimatica.com\/#organization\",\"name\":\"Rovim\u00e1tica\",\"url\":\"https:\/\/www.rovimatica.com\/\",\"logo\":{\"@type\":\"ImageObject\",\"inLanguage\":\"en-US\",\"@id\":\"https:\/\/www.rovimatica.com\/#\/schema\/logo\/image\/\",\"url\":\"https:\/\/www.rovimatica.com\/wp-content\/uploads\/2025\/05\/logo-blue-1.svg\",\"contentUrl\":\"https:\/\/www.rovimatica.com\/wp-content\/uploads\/2025\/05\/logo-blue-1.svg\",\"width\":254,\"height\":53,\"caption\":\"Rovim\u00e1tica\"},\"image\":{\"@id\":\"https:\/\/www.rovimatica.com\/#\/schema\/logo\/image\/\"}}]}<\/script>\n<!-- \/ Yoast SEO plugin. -->","yoast_head_json":{"title":"About - Rovim\u00e1tica","robots":{"index":"index","follow":"follow","max-snippet":"max-snippet:-1","max-image-preview":"max-image-preview:large","max-video-preview":"max-video-preview:-1"},"canonical":"https:\/\/www.rovimatica.com\/en\/about\/","og_locale":"en_US","og_type":"article","og_title":"About - Rovim\u00e1tica","og_url":"https:\/\/www.rovimatica.com\/en\/about\/","og_site_name":"Rovim\u00e1tica","article_modified_time":"2026-04-07T07:50:22+00:00","twitter_card":"summary_large_image","twitter_misc":{"Est. reading time":"2 minutes"},"schema":{"@context":"https:\/\/schema.org","@graph":[{"@type":"WebPage","@id":"https:\/\/www.rovimatica.com\/en\/about\/","url":"https:\/\/www.rovimatica.com\/en\/about\/","name":"About - Rovim\u00e1tica","isPartOf":{"@id":"https:\/\/www.rovimatica.com\/#website"},"datePublished":"2025-04-11T09:04:58+00:00","dateModified":"2026-04-07T07:50:22+00:00","breadcrumb":{"@id":"https:\/\/www.rovimatica.com\/en\/about\/#breadcrumb"},"inLanguage":"en-US","potentialAction":[{"@type":"ReadAction","target":["https:\/\/www.rovimatica.com\/en\/about\/"]}]},{"@type":"BreadcrumbList","@id":"https:\/\/www.rovimatica.com\/en\/about\/#breadcrumb","itemListElement":[{"@type":"ListItem","position":1,"name":"Portada","item":"https:\/\/www.rovimatica.com\/en\/"},{"@type":"ListItem","position":2,"name":"About"}]},{"@type":"WebSite","@id":"https:\/\/www.rovimatica.com\/#website","url":"https:\/\/www.rovimatica.com\/","name":"Rovim\u00e1tica","description":"Automatizaci\u00f3n industrial, visi\u00f3n artificial, veh\u00edculos industriales","publisher":{"@id":"https:\/\/www.rovimatica.com\/#organization"},"potentialAction":[{"@type":"SearchAction","target":{"@type":"EntryPoint","urlTemplate":"https:\/\/www.rovimatica.com\/?s={search_term_string}"},"query-input":{"@type":"PropertyValueSpecification","valueRequired":true,"valueName":"search_term_string"}}],"inLanguage":"en-US"},{"@type":"Organization","@id":"https:\/\/www.rovimatica.com\/#organization","name":"Rovim\u00e1tica","url":"https:\/\/www.rovimatica.com\/","logo":{"@type":"ImageObject","inLanguage":"en-US","@id":"https:\/\/www.rovimatica.com\/#\/schema\/logo\/image\/","url":"https:\/\/www.rovimatica.com\/wp-content\/uploads\/2025\/05\/logo-blue-1.svg","contentUrl":"https:\/\/www.rovimatica.com\/wp-content\/uploads\/2025\/05\/logo-blue-1.svg","width":254,"height":53,"caption":"Rovim\u00e1tica"},"image":{"@id":"https:\/\/www.rovimatica.com\/#\/schema\/logo\/image\/"}}]}},"_links":{"self":[{"href":"https:\/\/www.rovimatica.com\/en\/wp-json\/wp\/v2\/pages\/2437","targetHints":{"allow":["GET"]}}],"collection":[{"href":"https:\/\/www.rovimatica.com\/en\/wp-json\/wp\/v2\/pages"}],"about":[{"href":"https:\/\/www.rovimatica.com\/en\/wp-json\/wp\/v2\/types\/page"}],"author":[{"embeddable":true,"href":"https:\/\/www.rovimatica.com\/en\/wp-json\/wp\/v2\/users\/1"}],"replies":[{"embeddable":true,"href":"https:\/\/www.rovimatica.com\/en\/wp-json\/wp\/v2\/comments?post=2437"}],"version-history":[{"count":10,"href":"https:\/\/www.rovimatica.com\/en\/wp-json\/wp\/v2\/pages\/2437\/revisions"}],"predecessor-version":[{"id":2921,"href":"https:\/\/www.rovimatica.com\/en\/wp-json\/wp\/v2\/pages\/2437\/revisions\/2921"}],"wp:attachment":[{"href":"https:\/\/www.rovimatica.com\/en\/wp-json\/wp\/v2\/media?parent=2437"}],"curies":[{"name":"wp","href":"https:\/\/api.w.org\/{rel}","templated":true}]}}