{"id":2452,"date":"2025-04-11T11:05:58","date_gmt":"2025-04-11T09:05:58","guid":{"rendered":"https:\/\/www.rovimatica.com\/contacto\/"},"modified":"2025-07-01T08:38:15","modified_gmt":"2025-07-01T06:38:15","slug":"contact","status":"publish","type":"page","link":"https:\/\/www.rovimatica.com\/en\/contact\/","title":{"rendered":"Contact"},"content":{"rendered":"\n<section    class='flex flex-col gap-60 py-120 relative overflow-hidden'    >\n    \n\n\n            <h3>Simple image<\/h3>\n    \n\n\n\n\n            <h3>Simple image<\/h3>\n    \n\n\n\n<div    class='relative container'    >\n    \n\n<div    class='max-w-1200 mx-auto'    data-aos=\"splitInUp\" data-aos-split=\"lines\">\n    \n\n<h2 class=\"wp-block-heading text-4xl xl:text-5xl text-dark-navy text-center\" data-aos=\"splitInUp\"><span class=\"text-bold-purple\">Contact us<\/span> for more information<\/h2>\n\n\n<\/div>\n\n<\/div>\n\n\n<div    class='container p-60 backdrop-blur-lg rounded-3xl  '    data-aos=\"fadeIn\">\n    \n<form action=\"https:\/\/www.rovimatica.com\/en\/wp-json\/ws-form\/v1\/submit\" class=\"wsf-form wsf-form-canvas\" id=\"ws-form-1\" data-id=\"4\"  data-instance-id=\"1\"  method=\"POST\" data-wsf-style-id=\"1\"><\/form>\n\n<\/div>\n\n\n<div    class='dynamic-columns relative w-full flex flex-col xl:flex-row container xl:space-x-30 gap-y-30'    >\n    \n\n<div    class='dynamic-columns__column flex flex-col w-full  xl:w-[50%] gap-30 p-30  bg-linear-to-b from-dark-navy to-vivid-blue rounded-tr-xl rounded-bl-xl xl:rounded-tr-rovi xl:rounded-bl-rovi'    data-aos-child>\n    \n\n<h2 class=\"wp-block-heading text-soft-white text-xl\">C\u00f3rdoba Headquarters<\/h2>\n\n\n\n<div    class='p-container overflow-hidden'    >\n    \n\n<p class=\"text-soft-white flex  w-max\">Polg. Ind. Chinales\u2028<\/p>\n\n\n\n<p class=\"text-soft-white flex  w-max\">Avda. Chinales. 26B\u2028<\/p>\n\n\n\n<p class=\"text-soft-white flex  w-max\">14007\u2028<\/p>\n\n\n\n<p class=\"text-soft-white flex  w-max\">Tel.\/Fax: 957 48 82 50<\/p>\n\n\n<\/div>\n\n\n\n    \n        \n        \n            <a\n                href='https:\/\/www.google.com\/maps\/dir\/\/Av.+de+Chinales,+26B,+14007+C%C3%B3rdoba\/data=!4m6!4m5!1m1!4e2!1m2!1m1!1s0xd6cdf7570c95d95:0x1138d79a6c4d0c47?sa=X&#038;ved=1t:707&#038;ictx=111'                target=\"_blank\"                class='btn text-soft-white'                                >\n\n                                            <span>How to get there<\/span>\n                        <span class=\"i-fluent-arrow-down-right-48-filled\"><\/span>\n                                            \n                    \n                    \n\n            <\/a>\n\n        \n    \n    \n\n<\/div>\n\n\n<div    class='dynamic-columns__column flex flex-col  w-full  xl:w-[50%]  gap-30 p-30  bg-linear-to-b from-dark-navy to-vivid-blue rounded-tr-xl rounded-bl-xl xl:rounded-tr-rovi xl:rounded-bl-rovi'    data-aos-child>\n    \n\n<h2 class=\"wp-block-heading text-soft-white text-xl\">Seville Headquarters<\/h2>\n\n\n\n<div    class='p-container overflow-hidden'    >\n    \n\n<p class=\"text-soft-white flex w-max\">Parque Tecnol\u00f3gico Aeroespacial de Andaluc\u00eda, <\/p>\n\n\n\n<p class=\"text-soft-white flex  w-max\">Aer\u00f3polis\u2028<\/p>\n\n\n\n<p class=\"text-soft-white flex  w-max\">C\/ Earle Ovington 24, nv.13\u2028<\/p>\n\n\n\n<p class=\"text-soft-white flex  w-max\">41309\u2028<\/p>\n\n\n\n<p class=\"text-soft-white flex  w-max\">Tel. 637 043 999<\/p>\n\n\n<\/div>\n\n\n\n    \n        \n        \n            <a\n                href='https:\/\/maps.app.goo.gl\/CmvfKrQdvKYxg2Wj8'                target=\"_blank\"                class='btn text-soft-white'                                >\n\n                                            <span>How to get there<\/span>\n                        <span class=\"i-fluent-arrow-down-right-48-filled\"><\/span>\n                                            \n                    \n                    \n\n            <\/a>\n\n        \n    \n    \n\n<\/div>\n\n<\/div>\n\n<\/section>\n\n\n\n    <h3>Google map<\/h3>\n\n","protected":false},"excerpt":{"rendered":"","protected":false},"author":1,"featured_media":0,"parent":0,"menu_order":0,"comment_status":"closed","ping_status":"closed","template":"","meta":{"inline_featured_image":false,"footnotes":""},"class_list":["post-2452","page","type-page","status-publish","hentry"],"yoast_head":"<!-- This site is optimized with the Yoast SEO plugin v27.2 - https:\/\/yoast.com\/product\/yoast-seo-wordpress\/ -->\n<title>Contact - Rovim\u00e1tica<\/title>\n<meta name=\"robots\" content=\"index, follow, max-snippet:-1, max-image-preview:large, max-video-preview:-1\" \/>\n<link rel=\"canonical\" href=\"https:\/\/www.rovimatica.com\/contacto\/\" \/>\n<meta property=\"og:locale\" content=\"en_US\" \/>\n<meta property=\"og:type\" content=\"article\" \/>\n<meta property=\"og:title\" content=\"Contact - Rovim\u00e1tica\" \/>\n<meta property=\"og:url\" content=\"https:\/\/www.rovimatica.com\/contacto\/\" \/>\n<meta property=\"og:site_name\" content=\"Rovim\u00e1tica\" \/>\n<meta property=\"article:modified_time\" content=\"2025-07-01T06:38:15+00:00\" \/>\n<meta name=\"twitter:card\" content=\"summary_large_image\" \/>\n<script type=\"application\/ld+json\" class=\"yoast-schema-graph\">{\"@context\":\"https:\/\/schema.org\",\"@graph\":[{\"@type\":\"WebPage\",\"@id\":\"https:\/\/www.rovimatica.com\/contacto\/\",\"url\":\"https:\/\/www.rovimatica.com\/contacto\/\",\"name\":\"Contact - Rovim\u00e1tica\",\"isPartOf\":{\"@id\":\"https:\/\/www.rovimatica.com\/#website\"},\"datePublished\":\"2025-04-11T09:05:58+00:00\",\"dateModified\":\"2025-07-01T06:38:15+00:00\",\"breadcrumb\":{\"@id\":\"https:\/\/www.rovimatica.com\/contacto\/#breadcrumb\"},\"inLanguage\":\"en-US\",\"potentialAction\":[{\"@type\":\"ReadAction\",\"target\":[\"https:\/\/www.rovimatica.com\/contacto\/\"]}]},{\"@type\":\"BreadcrumbList\",\"@id\":\"https:\/\/www.rovimatica.com\/contacto\/#breadcrumb\",\"itemListElement\":[{\"@type\":\"ListItem\",\"position\":1,\"name\":\"Portada\",\"item\":\"https:\/\/www.rovimatica.com\/en\/\"},{\"@type\":\"ListItem\",\"position\":2,\"name\":\"Contact\"}]},{\"@type\":\"WebSite\",\"@id\":\"https:\/\/www.rovimatica.com\/#website\",\"url\":\"https:\/\/www.rovimatica.com\/\",\"name\":\"Rovim\u00e1tica\",\"description\":\"Automatizaci\u00f3n industrial, visi\u00f3n artificial, veh\u00edculos industriales\",\"publisher\":{\"@id\":\"https:\/\/www.rovimatica.com\/#organization\"},\"potentialAction\":[{\"@type\":\"SearchAction\",\"target\":{\"@type\":\"EntryPoint\",\"urlTemplate\":\"https:\/\/www.rovimatica.com\/?s={search_term_string}\"},\"query-input\":{\"@type\":\"PropertyValueSpecification\",\"valueRequired\":true,\"valueName\":\"search_term_string\"}}],\"inLanguage\":\"en-US\"},{\"@type\":\"Organization\",\"@id\":\"https:\/\/www.rovimatica.com\/#organization\",\"name\":\"Rovim\u00e1tica\",\"url\":\"https:\/\/www.rovimatica.com\/\",\"logo\":{\"@type\":\"ImageObject\",\"inLanguage\":\"en-US\",\"@id\":\"https:\/\/www.rovimatica.com\/#\/schema\/logo\/image\/\",\"url\":\"https:\/\/www.rovimatica.com\/wp-content\/uploads\/2025\/05\/logo-blue-1.svg\",\"contentUrl\":\"https:\/\/www.rovimatica.com\/wp-content\/uploads\/2025\/05\/logo-blue-1.svg\",\"width\":254,\"height\":53,\"caption\":\"Rovim\u00e1tica\"},\"image\":{\"@id\":\"https:\/\/www.rovimatica.com\/#\/schema\/logo\/image\/\"}}]}<\/script>\n<!-- \/ Yoast SEO plugin. -->","yoast_head_json":{"title":"Contact - Rovim\u00e1tica","robots":{"index":"index","follow":"follow","max-snippet":"max-snippet:-1","max-image-preview":"max-image-preview:large","max-video-preview":"max-video-preview:-1"},"canonical":"https:\/\/www.rovimatica.com\/contacto\/","og_locale":"en_US","og_type":"article","og_title":"Contact - Rovim\u00e1tica","og_url":"https:\/\/www.rovimatica.com\/contacto\/","og_site_name":"Rovim\u00e1tica","article_modified_time":"2025-07-01T06:38:15+00:00","twitter_card":"summary_large_image","schema":{"@context":"https:\/\/schema.org","@graph":[{"@type":"WebPage","@id":"https:\/\/www.rovimatica.com\/contacto\/","url":"https:\/\/www.rovimatica.com\/contacto\/","name":"Contact - Rovim\u00e1tica","isPartOf":{"@id":"https:\/\/www.rovimatica.com\/#website"},"datePublished":"2025-04-11T09:05:58+00:00","dateModified":"2025-07-01T06:38:15+00:00","breadcrumb":{"@id":"https:\/\/www.rovimatica.com\/contacto\/#breadcrumb"},"inLanguage":"en-US","potentialAction":[{"@type":"ReadAction","target":["https:\/\/www.rovimatica.com\/contacto\/"]}]},{"@type":"BreadcrumbList","@id":"https:\/\/www.rovimatica.com\/contacto\/#breadcrumb","itemListElement":[{"@type":"ListItem","position":1,"name":"Portada","item":"https:\/\/www.rovimatica.com\/en\/"},{"@type":"ListItem","position":2,"name":"Contact"}]},{"@type":"WebSite","@id":"https:\/\/www.rovimatica.com\/#website","url":"https:\/\/www.rovimatica.com\/","name":"Rovim\u00e1tica","description":"Automatizaci\u00f3n industrial, visi\u00f3n artificial, veh\u00edculos industriales","publisher":{"@id":"https:\/\/www.rovimatica.com\/#organization"},"potentialAction":[{"@type":"SearchAction","target":{"@type":"EntryPoint","urlTemplate":"https:\/\/www.rovimatica.com\/?s={search_term_string}"},"query-input":{"@type":"PropertyValueSpecification","valueRequired":true,"valueName":"search_term_string"}}],"inLanguage":"en-US"},{"@type":"Organization","@id":"https:\/\/www.rovimatica.com\/#organization","name":"Rovim\u00e1tica","url":"https:\/\/www.rovimatica.com\/","logo":{"@type":"ImageObject","inLanguage":"en-US","@id":"https:\/\/www.rovimatica.com\/#\/schema\/logo\/image\/","url":"https:\/\/www.rovimatica.com\/wp-content\/uploads\/2025\/05\/logo-blue-1.svg","contentUrl":"https:\/\/www.rovimatica.com\/wp-content\/uploads\/2025\/05\/logo-blue-1.svg","width":254,"height":53,"caption":"Rovim\u00e1tica"},"image":{"@id":"https:\/\/www.rovimatica.com\/#\/schema\/logo\/image\/"}}]}},"_links":{"self":[{"href":"https:\/\/www.rovimatica.com\/en\/wp-json\/wp\/v2\/pages\/2452","targetHints":{"allow":["GET"]}}],"collection":[{"href":"https:\/\/www.rovimatica.com\/en\/wp-json\/wp\/v2\/pages"}],"about":[{"href":"https:\/\/www.rovimatica.com\/en\/wp-json\/wp\/v2\/types\/page"}],"author":[{"embeddable":true,"href":"https:\/\/www.rovimatica.com\/en\/wp-json\/wp\/v2\/users\/1"}],"replies":[{"embeddable":true,"href":"https:\/\/www.rovimatica.com\/en\/wp-json\/wp\/v2\/comments?post=2452"}],"version-history":[{"count":3,"href":"https:\/\/www.rovimatica.com\/en\/wp-json\/wp\/v2\/pages\/2452\/revisions"}],"predecessor-version":[{"id":2561,"href":"https:\/\/www.rovimatica.com\/en\/wp-json\/wp\/v2\/pages\/2452\/revisions\/2561"}],"wp:attachment":[{"href":"https:\/\/www.rovimatica.com\/en\/wp-json\/wp\/v2\/media?parent=2452"}],"curies":[{"name":"wp","href":"https:\/\/api.w.org\/{rel}","templated":true}]}}