{"id":2455,"date":"2025-04-11T11:05:12","date_gmt":"2025-04-11T09:05:12","guid":{"rendered":"https:\/\/www.rovimatica.com\/intralogistica\/"},"modified":"2026-04-07T10:09:25","modified_gmt":"2026-04-07T08:09:25","slug":"intralogistics","status":"publish","type":"page","link":"https:\/\/www.rovimatica.com\/en\/intralogistics\/","title":{"rendered":"Intralogistics"},"content":{"rendered":"\n<div    class='bg-bold-purple relative overflow-hidden  min-h-dvh flex items-center'    >\n    \n\n\n            <h3>Simple image<\/h3>\n    \n\n\n\n<div    class='absolute inset-0 w-full h-full bg-true-black\/30'    >\n    \n<\/div>\n\n\n<div    class='relative container flex items-center justify-center px-30 pb-60 pt-100 w-full h-full'    >\n    \n\n<h2 class=\"wp-block-heading text-4xl xl:text-6xl text-soft-white text-center\" data-aos-split=\"words\" data-aos=\"splitInUp\"><strong> Intralogistics<\/strong><\/h2>\n\n\n<\/div>\n\n<\/div>\n\n\n<div    class='py-100 px-30 flex flex-col gap-60 items-center'    >\n    \n\n<div    class='flex flex-wrap flex-col items-center justify-center gap-30 max-w-1200'    >\n    \n\n<h2 class=\"wp-block-heading text-3xl max-w-500\" data-aos=\"splitInUp\"><strong>Intralogistics Solutions<\/strong><\/h2>\n\n\n\n<p class=\"text-xl max-w-500 xl:text-center\" data-aos=\"splitInUp\">In the era of Industry 4.0, optimizing internal material and product flows is key to maintaining competitiveness. At Rovimatica, we design and implement automated and robotic intralogistics systems that transform logistics processes from the first to the last meter within your facility.<\/p>\n\n\n<\/div>\n\n\n<section    class='relative flex flex-wrap flex-col items-center justify-center gap-30 max-w-1200'    >\n    \n\n\n    <p>This is a Custom Video Block, click here to edit its parameters.<\/p>\n\n\n\n<\/section>\n\n<\/div>\n\n\n<section    class='pb-100'    >\n    \n\n<div    class='container flex flex-col xl:flex-row items-center py-60 px-20 py-30'    >\n    \n\n<div    class='hidden xl:flex flex-1 xl:flex-1\/2 xl:px-60 '    >\n    \n\n\n                    <img decoding=\"async\"  src=\"https:\/\/www.rovimatica.com\/wp-content\/uploads\/2025\/05\/experienciaytecnologia-1.jpg\" class=\"object-cover w-full h-full\" \/>\n    \n\n\n<\/div>\n\n\n<div data-aos-end=\"center 60%\" data-aos-split=\"lines\" data-aos=\"splitInUp\"    class='flex-1 xl:flex-1\/2 flex flex-col gap-30'    >\n    \n\n<h2 class=\"wp-block-heading text-3xl\" data-aos=\"splitInUp\"><strong>Experience and state-of-the-art technology<\/strong><\/h2>\n\n\n\n<p class=\"text-xl max-w-500\" data-aos=\"splitInUp\">At ROVIMATICA, we combine decades of experience in robotics, machine vision, automation and control with the most advanced technologies in intralogistics to offer customized, efficient and scalable solutions. We understand that each logistics operation is unique, so we design systems that adapt to your processes, not the other way around.<\/p>\n\n\n\n<p class=\"text-xl max-w-500\" data-aos=\"splitInUp\">Thanks to this combination of practical knowledge and high-level technology, we help companies reduce costs, improve service and increase the flexibility of their internal logistics operations.<\/p>\n\n\n<\/div>\n\n<\/div>\n\n<\/section>\n\n\n<section    class='aboutus'    >\n    \n\n<div    class='xl:sticky !top-0 !border-0 xl:h-dvh bg-linear-to-b from-dark-navy to-vivid-blue flex justify-center items-center'    >\n    \n\n<div    class='container flex flex-col xl:flex-row items-center py-60 px-20 py-30 gap-30'    >\n    \n\n<div    class='flex flex-1 xl:flex-1\/2 xl:px-60 '    >\n    \n\n\n            <h3>Service Card<\/h3>\n    \n\n\n<\/div>\n\n\n<div data-aos-end=\"center 60%\" data-aos-split=\"lines\" data-aos=\"splitInUp\"    class='flex-1 xl:flex-1\/2 flex flex-col gap-30'    >\n    \n\n<p class=\"text-soft-white max-w-500\" data-aos=\"splitInUp\">Our automated guided vehicles <strong>(AGVs)<\/strong> and autonomous mobile robots <strong>(AMRs)<\/strong> are designed to adapt to any logistics environment, offering:<\/p>\n\n\n\n<p class=\"text-soft-white max-w-500\" data-aos=\"splitInUp\">\u25cf Efficient transportation without the need for fixed physical infrastructure.<\/p>\n\n\n\n<p class=\"text-soft-white max-w-500\">\u25cf Intelligent navigation with dynamic mapping and safety or guidance sensors.<\/p>\n\n\n\n<p class=\"text-soft-white max-w-500\" data-aos=\"splitInUp\">\u25cf Flexibility to integrate with manual or automated processes.<\/p>\n\n\n\n<p class=\"text-soft-white max-w-500\" data-aos=\"splitInUp\">From production line supply to warehouse distribution, our solutions reduce costs, increase productivity and minimize errors.<\/p>\n\n\n<\/div>\n\n<\/div>\n\n<\/div>\n\n\n<div    class='xl:sticky !top-0 !border-0 xl:h-dvh bg-linear-to-b from-dark-navy to-vivid-blue flex justify-center items-center'    >\n    \n\n<div    class='container flex flex-col xl:flex-row items-center py-60 px-20 py-30 gap-30'    >\n    \n\n<div    class='flex flex-1 xl:flex-1\/2 xl:px-60 '    >\n    \n\n\n            <h3>Service Card<\/h3>\n    \n\n\n<\/div>\n\n\n<div data-aos-end=\"center 60%\" data-aos-split=\"lines\" data-aos=\"splitInUp\"    class='flex-1 xl:flex-1\/2 flex flex-col gap-30'    >\n    \n\n<p class=\"text-soft-white max-w-500\" data-aos=\"splitInUp\">We optimize the use of space, traceability and speed of access to products through state-of-the-art automatic storage technologies. Our systems are designed to adapt to different volumes, weights and inventory rotations.<\/p>\n\n\n\n<p class=\"text-soft-white max-w-500\" data-aos=\"splitInUp\">\u25cfAS\/RS (Automated Storage and Retrieval Systems): Robots and stacker cranes that store and retrieve products with millimeter precision.<\/p>\n\n\n\n<p class=\"text-soft-white max-w-500\">\u25cf AutoStore<\/p>\n\n\n\n<p class=\"text-soft-white max-w-500\">\u25cf <strong>Shuttles and Miniloads:<\/strong> Perfect for high density and speed in case or tray warehouses.<\/p>\n\n\n\n<p class=\"text-soft-white max-w-500\">\u25cf <strong>Mobile and intelligent shelving:<\/strong> They make the best use of physical space by reducing unnecessary aisles.<\/p>\n\n\n\n<p class=\"text-soft-white max-w-500\" data-aos=\"splitInUp\">\u25cf <strong>WMS integration:<\/strong> Centralized digital management for efficient, real-time internal logistics.<\/p>\n\n\n\n<p class=\"text-soft-white max-w-500\" data-aos=\"splitInUp\">With these solutions, we reduce human error, improve ergonomics and increase operational efficiency at all levels of the internal supply chain.<\/p>\n\n\n<\/div>\n\n<\/div>\n\n<\/div>\n\n\n<div    class='xl:sticky !top-0 !border-0 xl:h-dvh bg-linear-to-b from-dark-navy to-vivid-blue flex justify-center items-center'    >\n    \n\n<div    class='container flex flex-col xl:flex-row items-center py-60 px-20 py-30 gap-30'    >\n    \n\n<div    class='flex flex-1 xl:flex-1\/2 xl:px-60 '    >\n    \n\n\n            <h3>Service Card<\/h3>\n    \n\n\n<\/div>\n\n\n<div data-aos-end=\"center 60%\" data-aos-split=\"lines\" data-aos=\"splitInUp\"    class='flex-1 xl:flex-1\/2 flex flex-col gap-30'    >\n    \n\n<p class=\"text-soft-white max-w-500\" data-aos=\"splitInUp\">Automatic sortation is key for distribution centres, fulfilment centres and multi-channel operations where speed and accuracy make all the difference. Our Rotobox rotary sorter, which is unique in the market, is suitable for both high-volume and highly variable operations.<\/p>\n\n\n<\/div>\n\n<\/div>\n\n<\/div>\n\n<\/section>\n\n\n<section    class='relative py-120'    data-aos=\"scale-in\">\n    \n\n<div    class='p-30'    >\n    \n\n<div    class=' relative overflow-hidden py-120 px-30 rounded-bl-2xl xl:rounded-bl-rovi rounded-tr-2xl xl:rounded-tr-rovi'    >\n    \n\n\n            <h3>Simple image<\/h3>\n    \n\n\n\n<div    class='absolute inset-0 w-full h-full bg-true-black\/70'    >\n    \n<\/div>\n\n\n<div    class='relative flex flex-col gap-30 items-center justify-center text-center'    >\n    \n\n<h2 class=\"wp-block-heading text-3xl text-soft-white\" data-aos=\"splitInUp\">Any questions?<\/h2>\n\n\n\n<div        >\n    \n\n<p class=\"text-xl max-w-500 text-soft-white \" data-aos=\"splitInUp\">We are here to help you!<\/p>\n\n\n\n<p class=\"text-xl max-w-500 text-soft-white \" data-aos=\"splitInUp\">Let&#8217;s find the solution together.<\/p>\n\n\n<\/div>\n\n\n\n    \n        \n        \n            <a\n                href='\/en\/contact\/'                                class='btn text-soft-white'                                data-aos=\"fadeInUp\">\n\n                                            <span>Learn more<\/span>\n                        <span class=\"i-fluent-arrow-down-right-48-filled\"><\/span>\n                                            \n                    \n                    \n\n            <\/a>\n\n        \n    \n    \n\n<\/div>\n\n<\/div>\n\n<\/div>\n\n<\/section>","protected":false},"excerpt":{"rendered":"","protected":false},"author":1,"featured_media":0,"parent":0,"menu_order":0,"comment_status":"closed","ping_status":"closed","template":"","meta":{"inline_featured_image":false,"footnotes":""},"class_list":["post-2455","page","type-page","status-publish","hentry"],"yoast_head":"<!-- This site is optimized with the Yoast SEO plugin v27.2 - https:\/\/yoast.com\/product\/yoast-seo-wordpress\/ -->\n<title>Intralogistics - Rovim\u00e1tica<\/title>\n<meta name=\"robots\" content=\"index, follow, max-snippet:-1, max-image-preview:large, max-video-preview:-1\" \/>\n<link rel=\"canonical\" href=\"https:\/\/www.rovimatica.com\/en\/intralogistics\/\" \/>\n<meta property=\"og:locale\" content=\"en_US\" \/>\n<meta property=\"og:type\" content=\"article\" \/>\n<meta property=\"og:title\" content=\"Intralogistics - Rovim\u00e1tica\" \/>\n<meta property=\"og:url\" content=\"https:\/\/www.rovimatica.com\/en\/intralogistics\/\" \/>\n<meta property=\"og:site_name\" content=\"Rovim\u00e1tica\" \/>\n<meta property=\"article:modified_time\" content=\"2026-04-07T08:09:25+00:00\" \/>\n<meta name=\"twitter:card\" content=\"summary_large_image\" \/>\n<meta name=\"twitter:label1\" content=\"Est. reading time\" \/>\n\t<meta name=\"twitter:data1\" content=\"2 minutes\" \/>\n<script type=\"application\/ld+json\" class=\"yoast-schema-graph\">{\"@context\":\"https:\/\/schema.org\",\"@graph\":[{\"@type\":\"WebPage\",\"@id\":\"https:\/\/www.rovimatica.com\/en\/intralogistics\/\",\"url\":\"https:\/\/www.rovimatica.com\/en\/intralogistics\/\",\"name\":\"Intralogistics - Rovim\u00e1tica\",\"isPartOf\":{\"@id\":\"https:\/\/www.rovimatica.com\/#website\"},\"datePublished\":\"2025-04-11T09:05:12+00:00\",\"dateModified\":\"2026-04-07T08:09:25+00:00\",\"breadcrumb\":{\"@id\":\"https:\/\/www.rovimatica.com\/en\/intralogistics\/#breadcrumb\"},\"inLanguage\":\"en-US\",\"potentialAction\":[{\"@type\":\"ReadAction\",\"target\":[\"https:\/\/www.rovimatica.com\/en\/intralogistics\/\"]}]},{\"@type\":\"BreadcrumbList\",\"@id\":\"https:\/\/www.rovimatica.com\/en\/intralogistics\/#breadcrumb\",\"itemListElement\":[{\"@type\":\"ListItem\",\"position\":1,\"name\":\"Portada\",\"item\":\"https:\/\/www.rovimatica.com\/en\/\"},{\"@type\":\"ListItem\",\"position\":2,\"name\":\"Intralogistics\"}]},{\"@type\":\"WebSite\",\"@id\":\"https:\/\/www.rovimatica.com\/#website\",\"url\":\"https:\/\/www.rovimatica.com\/\",\"name\":\"Rovim\u00e1tica\",\"description\":\"Automatizaci\u00f3n industrial, visi\u00f3n artificial, veh\u00edculos industriales\",\"publisher\":{\"@id\":\"https:\/\/www.rovimatica.com\/#organization\"},\"potentialAction\":[{\"@type\":\"SearchAction\",\"target\":{\"@type\":\"EntryPoint\",\"urlTemplate\":\"https:\/\/www.rovimatica.com\/?s={search_term_string}\"},\"query-input\":{\"@type\":\"PropertyValueSpecification\",\"valueRequired\":true,\"valueName\":\"search_term_string\"}}],\"inLanguage\":\"en-US\"},{\"@type\":\"Organization\",\"@id\":\"https:\/\/www.rovimatica.com\/#organization\",\"name\":\"Rovim\u00e1tica\",\"url\":\"https:\/\/www.rovimatica.com\/\",\"logo\":{\"@type\":\"ImageObject\",\"inLanguage\":\"en-US\",\"@id\":\"https:\/\/www.rovimatica.com\/#\/schema\/logo\/image\/\",\"url\":\"https:\/\/www.rovimatica.com\/wp-content\/uploads\/2025\/05\/logo-blue-1.svg\",\"contentUrl\":\"https:\/\/www.rovimatica.com\/wp-content\/uploads\/2025\/05\/logo-blue-1.svg\",\"width\":254,\"height\":53,\"caption\":\"Rovim\u00e1tica\"},\"image\":{\"@id\":\"https:\/\/www.rovimatica.com\/#\/schema\/logo\/image\/\"}}]}<\/script>\n<!-- \/ Yoast SEO plugin. -->","yoast_head_json":{"title":"Intralogistics - Rovim\u00e1tica","robots":{"index":"index","follow":"follow","max-snippet":"max-snippet:-1","max-image-preview":"max-image-preview:large","max-video-preview":"max-video-preview:-1"},"canonical":"https:\/\/www.rovimatica.com\/en\/intralogistics\/","og_locale":"en_US","og_type":"article","og_title":"Intralogistics - Rovim\u00e1tica","og_url":"https:\/\/www.rovimatica.com\/en\/intralogistics\/","og_site_name":"Rovim\u00e1tica","article_modified_time":"2026-04-07T08:09:25+00:00","twitter_card":"summary_large_image","twitter_misc":{"Est. reading time":"2 minutes"},"schema":{"@context":"https:\/\/schema.org","@graph":[{"@type":"WebPage","@id":"https:\/\/www.rovimatica.com\/en\/intralogistics\/","url":"https:\/\/www.rovimatica.com\/en\/intralogistics\/","name":"Intralogistics - Rovim\u00e1tica","isPartOf":{"@id":"https:\/\/www.rovimatica.com\/#website"},"datePublished":"2025-04-11T09:05:12+00:00","dateModified":"2026-04-07T08:09:25+00:00","breadcrumb":{"@id":"https:\/\/www.rovimatica.com\/en\/intralogistics\/#breadcrumb"},"inLanguage":"en-US","potentialAction":[{"@type":"ReadAction","target":["https:\/\/www.rovimatica.com\/en\/intralogistics\/"]}]},{"@type":"BreadcrumbList","@id":"https:\/\/www.rovimatica.com\/en\/intralogistics\/#breadcrumb","itemListElement":[{"@type":"ListItem","position":1,"name":"Portada","item":"https:\/\/www.rovimatica.com\/en\/"},{"@type":"ListItem","position":2,"name":"Intralogistics"}]},{"@type":"WebSite","@id":"https:\/\/www.rovimatica.com\/#website","url":"https:\/\/www.rovimatica.com\/","name":"Rovim\u00e1tica","description":"Automatizaci\u00f3n industrial, visi\u00f3n artificial, veh\u00edculos industriales","publisher":{"@id":"https:\/\/www.rovimatica.com\/#organization"},"potentialAction":[{"@type":"SearchAction","target":{"@type":"EntryPoint","urlTemplate":"https:\/\/www.rovimatica.com\/?s={search_term_string}"},"query-input":{"@type":"PropertyValueSpecification","valueRequired":true,"valueName":"search_term_string"}}],"inLanguage":"en-US"},{"@type":"Organization","@id":"https:\/\/www.rovimatica.com\/#organization","name":"Rovim\u00e1tica","url":"https:\/\/www.rovimatica.com\/","logo":{"@type":"ImageObject","inLanguage":"en-US","@id":"https:\/\/www.rovimatica.com\/#\/schema\/logo\/image\/","url":"https:\/\/www.rovimatica.com\/wp-content\/uploads\/2025\/05\/logo-blue-1.svg","contentUrl":"https:\/\/www.rovimatica.com\/wp-content\/uploads\/2025\/05\/logo-blue-1.svg","width":254,"height":53,"caption":"Rovim\u00e1tica"},"image":{"@id":"https:\/\/www.rovimatica.com\/#\/schema\/logo\/image\/"}}]}},"_links":{"self":[{"href":"https:\/\/www.rovimatica.com\/en\/wp-json\/wp\/v2\/pages\/2455","targetHints":{"allow":["GET"]}}],"collection":[{"href":"https:\/\/www.rovimatica.com\/en\/wp-json\/wp\/v2\/pages"}],"about":[{"href":"https:\/\/www.rovimatica.com\/en\/wp-json\/wp\/v2\/types\/page"}],"author":[{"embeddable":true,"href":"https:\/\/www.rovimatica.com\/en\/wp-json\/wp\/v2\/users\/1"}],"replies":[{"embeddable":true,"href":"https:\/\/www.rovimatica.com\/en\/wp-json\/wp\/v2\/comments?post=2455"}],"version-history":[{"count":6,"href":"https:\/\/www.rovimatica.com\/en\/wp-json\/wp\/v2\/pages\/2455\/revisions"}],"predecessor-version":[{"id":2927,"href":"https:\/\/www.rovimatica.com\/en\/wp-json\/wp\/v2\/pages\/2455\/revisions\/2927"}],"wp:attachment":[{"href":"https:\/\/www.rovimatica.com\/en\/wp-json\/wp\/v2\/media?parent=2455"}],"curies":[{"name":"wp","href":"https:\/\/api.w.org\/{rel}","templated":true}]}}