{"id":2469,"date":"2025-04-14T11:25:07","date_gmt":"2025-04-14T09:25:07","guid":{"rendered":"https:\/\/www.rovimatica.com\/automatizacion-de-vehiculos\/"},"modified":"2025-07-01T10:00:51","modified_gmt":"2025-07-01T08:00:51","slug":"vehicle-automation","status":"publish","type":"page","link":"https:\/\/www.rovimatica.com\/en\/vehicle-automation\/","title":{"rendered":"Vehicle Automation"},"content":{"rendered":"\n<div    class='bg-bold-purple relative overflow-hidden min-h-dvh flex items-center'    >\n    \n\n\n            <h3>Simple image<\/h3>\n    \n\n\n\n\n    <p>This is a Custom Video Block, click here to edit its parameters.<\/p>\n\n\n\n\n<div    class='absolute inset-0 w-full h-full bg-true-black\/30'    >\n    \n<\/div>\n\n\n<div    class='relative container flex items-center justify-center px-30 pb-60 pt-100 w-full h-full'    >\n    \n\n<h2 class=\"wp-block-heading text-4xl xl:text-6xl text-soft-white text-center\" data-aos-split=\"words\" data-aos=\"splitInUp\"><strong>Vehicle Automation<\/strong><\/h2>\n\n\n<\/div>\n\n<\/div>\n\n\n<div    class='py-100 px-30 flex flex-col gap-60 items-center'    >\n    \n\n<div    class='flex flex-wrap flex-col items-center justify-center gap-30 max-w-1200'    >\n    \n\n<h2 class=\"wp-block-heading has-text-align-center text-3xl max-w-800\" data-aos=\"splitInUp\"><strong><strong>Solutions in robotics, vision and artificial intelligence, automation and on-board control in special vehicles.<\/strong><\/strong><\/h2>\n\n\n\n<p class=\"text-xl max-w-800 xl:text-center\" data-aos=\"splitInUp\">At ROVIMATICA, we design and install on-board solutions in special vehicles, equipped with advanced technologies in robotics, artificial vision, artificial intelligence (AI) and automation to operate in complex industrial, urban and agricultural environments.<\/p>\n\n\n<\/div>\n\n\n<section    class='relative flex flex-wrap flex-col items-center justify-center gap-30 max-w-1200'    >\n    \n\n\n                    <img decoding=\"async\"  src=\"https:\/\/www.rovimatica.com\/wp-content\/uploads\/2025\/05\/2.jpg\" class=\"object-cover w-full h-full\" \/>\n    \n\n\n\n\n    <p>This is a Custom Video Block, click here to edit its parameters.<\/p>\n\n\n\n<\/section>\n\n<\/div>\n\n\n<section    class='pb-100'    >\n    \n\n<div    class='container flex flex-col xl:flex-row items-center py-60 px-20 py-30'    >\n    \n\n<div    class='hidden xl:flex flex-1 xl:flex-1\/2 xl:px-60 '    >\n    \n\n\n                    <img decoding=\"async\"  src=\"https:\/\/www.rovimatica.com\/wp-content\/uploads\/2025\/05\/3.jpg\" class=\"object-cover w-full h-full\" \/>\n    \n\n\n<\/div>\n\n\n<div data-aos-end=\"center 60%\" data-aos-split=\"lines\" data-aos=\"splitInUp\"    class='flex-1 xl:flex-1\/2 flex flex-col gap-30'    >\n    \n\n<h2 class=\"wp-block-heading text-3xl\" data-aos=\"splitInUp\"><strong>Our solutions include:<\/strong><\/h2>\n\n\n\n<p class=\"max-w-500\" data-aos=\"splitInUp\">\u25cf Robotics and automation: Development of vehicle-embedded solutions to perform tasks without human intervention.<\/p>\n\n\n\n<p class=\"max-w-500\">\u25cf Artificial vision: Use of 3D, 2D, thermal, IR, multispectral, LiDAR cameras and sensors for autonomous navigation, obstacle detection, defects and monitoring of the driver and the vehicle cabin.<\/p>\n\n\n\n<p class=\"max-w-500\">\u25cf AI for in-vehicle decision making, detection and language: Machine learning and deep learning algorithms improve defect detection and adaptation to changes in the environment, as well as driving.<\/p>\n\n\n\n<p class=\"max-w-500\">\u25cf Embedded control: Real-time control systems to manage all vehicle functions and on-board solutions, ensuring safety and efficiency.<\/p>\n\n\n\n<p class=\"max-w-500\" data-aos=\"splitInUp\">\u25cf Advanced connectivity: Integration with centralized management systems and IoT networks for remote monitoring.<\/p>\n\n\n\n<p class=\"max-w-500\" data-aos=\"splitInUp\">These solutions enable ROVIMATICA to offer specialized vehicles that improve safety, efficiency and productivity in a wide range of industrial, urban and agricultural applications.<\/p>\n\n\n<\/div>\n\n<\/div>\n\n<\/section>\n\n\n<section    class='pb-100'    >\n    \n\n<div    class='container flex flex-col xl:flex-row items-center py-60 px-20 py-30'    >\n    \n\n<div data-aos-end=\"center 60%\" data-aos-split=\"lines\" data-aos=\"splitInUp\"    class='flex-1 xl:flex-1\/2 flex flex-col gap-30'    >\n    \n\n<h2 class=\"wp-block-heading text-3xl\" data-aos=\"splitInUp\"><strong><strong><strong>Experience and State-of-the-Art Technology<\/strong><\/strong><\/strong><\/h2>\n\n\n\n<p class=\"max-w-500 text-xl\">With more than 18 years of experience in the field of automation and on-board robotics in vehicles, ROVIMATICA has established itself as a leader in the development of these solutions by equipping vehicles with the most advanced technologies. Our experience in these technologies allows us to offer customized solutions for complex industrial, urban and agricultural applications.<\/p>\n\n\n<\/div>\n\n\n<div    class='hidden xl:flex flex-1 xl:flex-1\/2 xl:px-60 '    >\n    \n\n\n                    <img decoding=\"async\"  src=\"https:\/\/www.rovimatica.com\/wp-content\/uploads\/2025\/05\/4.jpg\" class=\"object-cover w-full h-full\" \/>\n    \n\n\n<\/div>\n\n<\/div>\n\n<\/section>\n\n\n<section    class='pb-100'    >\n    \n\n<div    class='container flex flex-col xl:flex-row items-center py-60 px-20 py-30'    >\n    \n\n<div    class='hidden xl:flex flex-1 xl:flex-1\/2 xl:px-60 '    >\n    \n\n\n                    <img decoding=\"async\"  src=\"https:\/\/www.rovimatica.com\/wp-content\/uploads\/2025\/05\/5.jpg\" class=\"object-cover w-full h-full\" \/>\n    \n\n\n<\/div>\n\n\n<div data-aos-end=\"center 60%\" data-aos-split=\"lines\" data-aos=\"splitInUp\"    class='flex-1 xl:flex-1\/2 flex flex-col gap-30'    >\n    \n\n<h2 class=\"wp-block-heading text-3xl\" data-aos=\"splitInUp\"><strong>What sets us apart:<\/strong><\/h2>\n\n\n\n<p class=\"max-w-500\" data-aos=\"splitInUp\">\u25cf Constant innovation: We apply the latest technologies in AI and machine and deep learning, robotics and automation to ensure the success of our vehicle-borne solutions.<\/p>\n\n\n\n<p class=\"max-w-500\">\u25cf Integration of advanced systems: We use state-of-the-art sensors, such as LiDAR, 3D, 2D, thermal, IR and multispectral cameras, radar, ultrasound, etc.<\/p>\n\n\n\n<p class=\"max-w-500\">\u25cf Customized design: Our solutions based on innovative ideas are designed specifically for each client&#8217;s needs, guaranteeing flexible, scalable, adaptable and robust solutions.<\/p>\n\n\n\n<p class=\"max-w-500\" data-aos=\"splitInUp\">At ROVIMATICA, we combine our solid experience with an innovative vision, bringing cutting-edge technology to vehicle-borne solutions that revolutionize productivity, efficiency and safety.<\/p>\n\n\n<\/div>\n\n<\/div>\n\n<\/section>\n\n\n<section    class='aboutus'    >\n    \n\n<div    class='xl:sticky !top-0 !border-0 xl:h-dvh bg-linear-to-b from-dark-navy to-vivid-blue flex justify-center items-center'    >\n    \n\n<div    class='container flex flex-col xl:flex-row items-center py-60 px-20 py-30 gap-30'    >\n    \n\n<div    class='flex flex-1 xl:flex-1\/2 xl:px-60 '    >\n    \n\n\n            <h3>Service Card<\/h3>\n    \n\n\n<\/div>\n\n\n<div data-aos-end=\"center 60%\" data-aos-split=\"lines\" data-aos=\"splitInUp\"    class='flex-1 xl:flex-1\/2 flex flex-col gap-30'    >\n    \n\n<p class=\"text-soft-white max-w-500\" data-aos=\"splitInUp\"><strong>a) Cleaning of Heliostats and Photovoltaic Modules<\/strong><\/p>\n\n\n\n<p class=\"text-soft-white max-w-500\" data-aos=\"splitInUp\">We develop contact and non-contact robotic solutions that perform efficient cleaning of photovoltaic panels, heliostats and cylindrical parabolic mirrors.<\/p>\n\n\n\n<p class=\"text-soft-white max-w-500\" data-aos=\"splitInUp\"><strong>b) Industrial, Mining, Urban and Agriculture Vehicles<\/strong><\/p>\n\n\n\n<p class=\"text-soft-white max-w-500\" data-aos=\"splitInUp\">We provide tailor-made solutions for industrial applications, mines, urban environments, agriculture and road maintenance.<\/p>\n\n\n<\/div>\n\n<\/div>\n\n<\/div>\n\n\n<div    class='xl:sticky !top-0 !border-0 xl:h-dvh bg-linear-to-b from-dark-navy to-vivid-blue flex justify-center items-center'    >\n    \n\n<div    class='container flex flex-col xl:flex-row items-center py-60 px-20 py-30 gap-30'    >\n    \n\n<div    class='flex flex-1 xl:flex-1\/2 xl:px-60 '    >\n    \n\n\n            <h3>Service Card<\/h3>\n    \n\n\n<\/div>\n\n\n<div data-aos-end=\"center 60%\" data-aos-split=\"lines\" data-aos=\"splitInUp\"    class='flex-1 xl:flex-1\/2 flex flex-col gap-30'    >\n    \n\n<p class=\"text-soft-white max-w-500\" data-aos=\"splitInUp\">At ROVIMATICA, we guarantee efficient communication of our solutions with the vehicle and its control units. By integrating POCLAIN and using radio frequency and CanOpen for crane control, we ensure safe and precise operation.<\/p>\n\n\n<\/div>\n\n<\/div>\n\n<\/div>\n\n<\/section>\n\n\n<section    class='relative py-120'    data-aos=\"scale-in\">\n    \n\n<div    class='p-30'    >\n    \n\n<div    class=' relative overflow-hidden py-120 px-30 rounded-bl-2xl xl:rounded-bl-rovi rounded-tr-2xl xl:rounded-tr-rovi'    >\n    \n\n\n            <h3>Simple image<\/h3>\n    \n\n\n\n<div    class='absolute inset-0 w-full h-full bg-true-black\/70'    >\n    \n<\/div>\n\n\n<div    class='relative flex flex-col gap-30 items-center justify-center text-center'    >\n    \n\n<h2 class=\"wp-block-heading text-3xl text-soft-white\" data-aos=\"splitInUp\">Any questions?<\/h2>\n\n\n\n<div        >\n    \n\n<p class=\"text-xl max-w-500 text-soft-white \" data-aos=\"splitInUp\">We are here to help you!<\/p>\n\n\n\n<p class=\"text-xl max-w-500 text-soft-white \" data-aos=\"splitInUp\">Let&#8217;s find the solution together.<\/p>\n\n\n<\/div>\n\n\n\n    \n        \n        \n            <a\n                href='\/en\/contact\/'                                class='btn text-soft-white'                                data-aos=\"fadeInUp\">\n\n                                            <span>Learn more<\/span>\n                        <span class=\"i-fluent-arrow-down-right-48-filled\"><\/span>\n                                            \n                    \n                    \n\n            <\/a>\n\n        \n    \n    \n\n<\/div>\n\n<\/div>\n\n<\/div>\n\n<\/section>","protected":false},"excerpt":{"rendered":"","protected":false},"author":1,"featured_media":0,"parent":0,"menu_order":0,"comment_status":"closed","ping_status":"closed","template":"","meta":{"inline_featured_image":false,"footnotes":""},"class_list":["post-2469","page","type-page","status-publish","hentry"],"yoast_head":"<!-- This site is optimized with the Yoast SEO plugin v27.2 - https:\/\/yoast.com\/product\/yoast-seo-wordpress\/ -->\n<title>Vehicle Automation - Rovim\u00e1tica<\/title>\n<meta name=\"robots\" content=\"index, follow, max-snippet:-1, max-image-preview:large, max-video-preview:-1\" \/>\n<link rel=\"canonical\" href=\"https:\/\/www.rovimatica.com\/automatizacion-de-vehiculos\/\" \/>\n<meta property=\"og:locale\" content=\"en_US\" \/>\n<meta property=\"og:type\" content=\"article\" \/>\n<meta property=\"og:title\" content=\"Vehicle Automation - Rovim\u00e1tica\" \/>\n<meta property=\"og:url\" content=\"https:\/\/www.rovimatica.com\/automatizacion-de-vehiculos\/\" \/>\n<meta property=\"og:site_name\" content=\"Rovim\u00e1tica\" \/>\n<meta property=\"article:modified_time\" content=\"2025-07-01T08:00:51+00:00\" \/>\n<meta name=\"twitter:card\" content=\"summary_large_image\" \/>\n<meta name=\"twitter:label1\" content=\"Est. reading time\" \/>\n\t<meta name=\"twitter:data1\" content=\"2 minutes\" \/>\n<script type=\"application\/ld+json\" class=\"yoast-schema-graph\">{\"@context\":\"https:\/\/schema.org\",\"@graph\":[{\"@type\":\"WebPage\",\"@id\":\"https:\/\/www.rovimatica.com\/automatizacion-de-vehiculos\/\",\"url\":\"https:\/\/www.rovimatica.com\/automatizacion-de-vehiculos\/\",\"name\":\"Vehicle Automation - Rovim\u00e1tica\",\"isPartOf\":{\"@id\":\"https:\/\/www.rovimatica.com\/#website\"},\"datePublished\":\"2025-04-14T09:25:07+00:00\",\"dateModified\":\"2025-07-01T08:00:51+00:00\",\"breadcrumb\":{\"@id\":\"https:\/\/www.rovimatica.com\/automatizacion-de-vehiculos\/#breadcrumb\"},\"inLanguage\":\"en-US\",\"potentialAction\":[{\"@type\":\"ReadAction\",\"target\":[\"https:\/\/www.rovimatica.com\/automatizacion-de-vehiculos\/\"]}]},{\"@type\":\"BreadcrumbList\",\"@id\":\"https:\/\/www.rovimatica.com\/automatizacion-de-vehiculos\/#breadcrumb\",\"itemListElement\":[{\"@type\":\"ListItem\",\"position\":1,\"name\":\"Portada\",\"item\":\"https:\/\/www.rovimatica.com\/en\/\"},{\"@type\":\"ListItem\",\"position\":2,\"name\":\"Vehicle Automation\"}]},{\"@type\":\"WebSite\",\"@id\":\"https:\/\/www.rovimatica.com\/#website\",\"url\":\"https:\/\/www.rovimatica.com\/\",\"name\":\"Rovim\u00e1tica\",\"description\":\"Automatizaci\u00f3n industrial, visi\u00f3n artificial, veh\u00edculos industriales\",\"publisher\":{\"@id\":\"https:\/\/www.rovimatica.com\/#organization\"},\"potentialAction\":[{\"@type\":\"SearchAction\",\"target\":{\"@type\":\"EntryPoint\",\"urlTemplate\":\"https:\/\/www.rovimatica.com\/?s={search_term_string}\"},\"query-input\":{\"@type\":\"PropertyValueSpecification\",\"valueRequired\":true,\"valueName\":\"search_term_string\"}}],\"inLanguage\":\"en-US\"},{\"@type\":\"Organization\",\"@id\":\"https:\/\/www.rovimatica.com\/#organization\",\"name\":\"Rovim\u00e1tica\",\"url\":\"https:\/\/www.rovimatica.com\/\",\"logo\":{\"@type\":\"ImageObject\",\"inLanguage\":\"en-US\",\"@id\":\"https:\/\/www.rovimatica.com\/#\/schema\/logo\/image\/\",\"url\":\"https:\/\/www.rovimatica.com\/wp-content\/uploads\/2025\/05\/logo-blue-1.svg\",\"contentUrl\":\"https:\/\/www.rovimatica.com\/wp-content\/uploads\/2025\/05\/logo-blue-1.svg\",\"width\":254,\"height\":53,\"caption\":\"Rovim\u00e1tica\"},\"image\":{\"@id\":\"https:\/\/www.rovimatica.com\/#\/schema\/logo\/image\/\"}}]}<\/script>\n<!-- \/ Yoast SEO plugin. -->","yoast_head_json":{"title":"Vehicle Automation - Rovim\u00e1tica","robots":{"index":"index","follow":"follow","max-snippet":"max-snippet:-1","max-image-preview":"max-image-preview:large","max-video-preview":"max-video-preview:-1"},"canonical":"https:\/\/www.rovimatica.com\/automatizacion-de-vehiculos\/","og_locale":"en_US","og_type":"article","og_title":"Vehicle Automation - Rovim\u00e1tica","og_url":"https:\/\/www.rovimatica.com\/automatizacion-de-vehiculos\/","og_site_name":"Rovim\u00e1tica","article_modified_time":"2025-07-01T08:00:51+00:00","twitter_card":"summary_large_image","twitter_misc":{"Est. reading time":"2 minutes"},"schema":{"@context":"https:\/\/schema.org","@graph":[{"@type":"WebPage","@id":"https:\/\/www.rovimatica.com\/automatizacion-de-vehiculos\/","url":"https:\/\/www.rovimatica.com\/automatizacion-de-vehiculos\/","name":"Vehicle Automation - Rovim\u00e1tica","isPartOf":{"@id":"https:\/\/www.rovimatica.com\/#website"},"datePublished":"2025-04-14T09:25:07+00:00","dateModified":"2025-07-01T08:00:51+00:00","breadcrumb":{"@id":"https:\/\/www.rovimatica.com\/automatizacion-de-vehiculos\/#breadcrumb"},"inLanguage":"en-US","potentialAction":[{"@type":"ReadAction","target":["https:\/\/www.rovimatica.com\/automatizacion-de-vehiculos\/"]}]},{"@type":"BreadcrumbList","@id":"https:\/\/www.rovimatica.com\/automatizacion-de-vehiculos\/#breadcrumb","itemListElement":[{"@type":"ListItem","position":1,"name":"Portada","item":"https:\/\/www.rovimatica.com\/en\/"},{"@type":"ListItem","position":2,"name":"Vehicle Automation"}]},{"@type":"WebSite","@id":"https:\/\/www.rovimatica.com\/#website","url":"https:\/\/www.rovimatica.com\/","name":"Rovim\u00e1tica","description":"Automatizaci\u00f3n industrial, visi\u00f3n artificial, veh\u00edculos industriales","publisher":{"@id":"https:\/\/www.rovimatica.com\/#organization"},"potentialAction":[{"@type":"SearchAction","target":{"@type":"EntryPoint","urlTemplate":"https:\/\/www.rovimatica.com\/?s={search_term_string}"},"query-input":{"@type":"PropertyValueSpecification","valueRequired":true,"valueName":"search_term_string"}}],"inLanguage":"en-US"},{"@type":"Organization","@id":"https:\/\/www.rovimatica.com\/#organization","name":"Rovim\u00e1tica","url":"https:\/\/www.rovimatica.com\/","logo":{"@type":"ImageObject","inLanguage":"en-US","@id":"https:\/\/www.rovimatica.com\/#\/schema\/logo\/image\/","url":"https:\/\/www.rovimatica.com\/wp-content\/uploads\/2025\/05\/logo-blue-1.svg","contentUrl":"https:\/\/www.rovimatica.com\/wp-content\/uploads\/2025\/05\/logo-blue-1.svg","width":254,"height":53,"caption":"Rovim\u00e1tica"},"image":{"@id":"https:\/\/www.rovimatica.com\/#\/schema\/logo\/image\/"}}]}},"_links":{"self":[{"href":"https:\/\/www.rovimatica.com\/en\/wp-json\/wp\/v2\/pages\/2469","targetHints":{"allow":["GET"]}}],"collection":[{"href":"https:\/\/www.rovimatica.com\/en\/wp-json\/wp\/v2\/pages"}],"about":[{"href":"https:\/\/www.rovimatica.com\/en\/wp-json\/wp\/v2\/types\/page"}],"author":[{"embeddable":true,"href":"https:\/\/www.rovimatica.com\/en\/wp-json\/wp\/v2\/users\/1"}],"replies":[{"embeddable":true,"href":"https:\/\/www.rovimatica.com\/en\/wp-json\/wp\/v2\/comments?post=2469"}],"version-history":[{"count":5,"href":"https:\/\/www.rovimatica.com\/en\/wp-json\/wp\/v2\/pages\/2469\/revisions"}],"predecessor-version":[{"id":2594,"href":"https:\/\/www.rovimatica.com\/en\/wp-json\/wp\/v2\/pages\/2469\/revisions\/2594"}],"wp:attachment":[{"href":"https:\/\/www.rovimatica.com\/en\/wp-json\/wp\/v2\/media?parent=2469"}],"curies":[{"name":"wp","href":"https:\/\/api.w.org\/{rel}","templated":true}]}}