{"id":2474,"date":"2025-04-14T11:25:07","date_gmt":"2025-04-14T09:25:07","guid":{"rendered":"https:\/\/www.rovimatica.com\/vision-e-inteligencia-artificial\/"},"modified":"2025-07-02T10:05:41","modified_gmt":"2025-07-02T08:05:41","slug":"vision-and-artificial-intelligence","status":"publish","type":"page","link":"https:\/\/www.rovimatica.com\/en\/vision-and-artificial-intelligence\/","title":{"rendered":"Vision and Artificial Intelligence"},"content":{"rendered":"\n<div    class='bg-bold-purple relative overflow-hidden min-h-dvh flex items-center'    >\n    \n\n\n            <h3>Simple image<\/h3>\n    \n\n\n\n<div    class='absolute inset-0 w-full h-full bg-true-black\/30'    >\n    \n<\/div>\n\n\n<div    class='relative container flex items-center justify-center px-30 pb-60 pt-100 w-full h-full'    >\n    \n\n<h2 class=\"wp-block-heading text-4xl xl:text-6xl text-soft-white text-center\" data-aos-split=\"words\" data-aos=\"splitInUp\"><strong>Vision and Artificial Intelligence<\/strong><\/h2>\n\n\n<\/div>\n\n<\/div>\n\n\n<div    class='py-100 px-30 flex flex-col gap-60 items-center'    >\n    \n\n<div    class='flex flex-wrap flex-col items-center justify-center gap-30 max-w-1200'    >\n    \n\n<h2 class=\"wp-block-heading has-text-align-center text-3xl max-w-800\" data-aos=\"splitInUp\"><strong><strong>Vision solutions driven by the latest AI technologies<\/strong><\/strong><\/h2>\n\n\n\n<p class=\"text-xl max-w-800 xl:text-center\" data-aos=\"splitInUp\"><strong>ROVIM\u00c1TICA <\/strong>has been developing advanced <strong>machine vision<\/strong> solutions since its foundation in 2007. As of 2017, we develop and integrate the <strong>latest advances in AI<\/strong> to create disruptive solutions that optimize quality, increase productivity, improve safety and reduce operating costs in a wide variety of industrial sectors.<\/p>\n\n\n<\/div>\n\n\n<section    class='relative flex flex-wrap flex-col items-center justify-center gap-30 max-w-1200'    >\n    \n\n\n                    <img decoding=\"async\"  src=\"https:\/\/www.rovimatica.com\/wp-content\/uploads\/2025\/05\/9-vision.jpeg\" class=\"object-cover w-full h-full\" \/>\n    \n\n\n\n\n    <p>This is a Custom Video Block, click here to edit its parameters.<\/p>\n\n\n\n<\/section>\n\n<\/div>\n\n\n<section    class='pb-100'    >\n    \n\n<div    class='container flex flex-col xl:flex-row items-center py-60 px-20 py-30'    >\n    \n\n<div    class='hidden xl:flex flex-1 xl:flex-1\/2 xl:px-60 '    >\n    \n\n\n                    <img decoding=\"async\"  src=\"https:\/\/www.rovimatica.com\/wp-content\/uploads\/2025\/06\/nanomateriales.png\" class=\"object-cover w-full h-full\" \/>\n    \n\n\n<\/div>\n\n\n<div data-aos-end=\"center 60%\" data-aos-split=\"lines\" data-aos=\"splitInUp\"    class='flex-1 xl:flex-1\/2 flex flex-col gap-30'    >\n    \n\n<h2 class=\"wp-block-heading text-3xl\" data-aos=\"splitInUp\"><strong>Our solutions include:<\/strong><\/h2>\n\n\n\n<p class=\"max-w-500\" data-aos=\"splitInUp\">\u25cf <strong>Machine vision and inspection systems:<\/strong> We implement high-resolution cameras and vision algorithms for defect detection, part identification and real-time sorting, robot piloting, etc.<\/p>\n\n\n\n<p class=\"max-w-500\">\u25cf <strong>Vision-guided robotics:<\/strong> Systems that integrate artificial vision with industrial and mobile robotics for handling, assembly and automated manufacturing tasks with maximum precision.<\/p>\n\n\n\n<p class=\"max-w-500\">\u25cf <strong>Monitoring and safety systems:<\/strong> Solutions for driver monitoring, public safety, infrastructure supervision and behavioral analysis through embedded AI.<\/p>\n\n\n\n<p class=\"max-w-500\">\u25cf <strong>Embedded AI and edge computing:<\/strong> Real-time data processing optimized for industrial environments, enabling immediate autonomous responses and local analysis of critical information.<\/p>\n\n\n<\/div>\n\n<\/div>\n\n<\/section>\n\n\n<section    class='pb-100'    >\n    \n\n<div    class='container flex flex-col xl:flex-row items-center py-60 px-20 py-30'    >\n    \n\n<div data-aos-end=\"center 60%\" data-aos-split=\"lines\" data-aos=\"splitInUp\"    class='flex-1 xl:flex-1\/2 flex flex-col gap-30'    >\n    \n\n<h2 class=\"wp-block-heading text-3xl\" data-aos=\"splitInUp\"><strong><strong><strong>Experience and Technology<\/strong><\/strong><\/strong><\/h2>\n\n\n\n<p class=\"max-w-500\"><strong>ROVIM\u00c1TICA<\/strong> since its foundation has been a <strong>pioneer in the development of traditional machine vision applications<\/strong> for all kinds of industrial challenges. Since <strong>2017, we oriented our developments towards AI for image processing<\/strong>, which has allowed us to open the scope to many other types of applications and industries, such as <strong>mobility, sustainability, precision agriculture, citizen security and smart cities<\/strong>. Throughout our trajectory, we have worked with leaders in various industries, providing technological solutions that not only meet, but exceed our customers&#8217; expectations.<\/p>\n\n\n\n<p class=\"max-w-500\"><\/p>\n\n\n\n<p class=\"max-w-500\">Thanks to our <strong>proven expertise<\/strong> and our <strong>ability to integrate the latest innovations in AI and machine vision<\/strong>, ROVIMATICA continues to lead the way into the future of intelligent automation serving people.<\/p>\n\n\n<\/div>\n\n\n<div    class='hidden xl:flex flex-1 xl:flex-1\/2 xl:px-60 '    >\n    \n\n\n                    <img decoding=\"async\"  src=\"https:\/\/www.rovimatica.com\/wp-content\/uploads\/2025\/05\/reciclaje.jpg\" class=\"object-cover w-full h-full\" \/>\n    \n\n\n<\/div>\n\n<\/div>\n\n<\/section>\n\n\n<section    class='aboutus'    >\n    \n\n<div    class='xl:sticky !top-0 !border-0 xl:h-dvh bg-linear-to-b from-dark-navy to-vivid-blue flex justify-center items-center'    >\n    \n\n<div    class='container flex flex-col xl:flex-row items-center py-60 px-20 py-30 gap-30'    >\n    \n\n<div    class='flex flex-1 xl:flex-1\/2 xl:px-60 '    >\n    \n\n\n            <h3>Service Card<\/h3>\n    \n\n\n<\/div>\n\n\n<div data-aos-end=\"center 60%\" data-aos-split=\"lines\" data-aos=\"splitInUp\"    class='flex-1 xl:flex-1\/2 flex flex-col gap-30'    >\n    \n\n<p class=\"text-soft-white max-w-500\" data-aos=\"splitInUp\"><strong>At Rovim\u00e1tica we start each project with a thorough analysis of the client&#8217;s specific needs, evaluating the technical challenges and defining the most efficient solution for each application.<\/strong><\/p>\n\n\n\n<p class=\"text-soft-white max-w-500\" data-aos=\"splitInUp\">\u25cf Technical and economic feasibility study<\/p>\n\n\n\n<p class=\"text-soft-white max-w-500\">\u25cf Analysis of existing industrial processes<\/p>\n\n\n\n<p class=\"text-soft-white max-w-500\">\u25cf Definition of technical specifications<\/p>\n\n\n\n<p class=\"text-soft-white max-w-500\" data-aos=\"splitInUp\">\u25cf Consulting in vision and AI technologies<\/p>\n\n\n<\/div>\n\n<\/div>\n\n<\/div>\n\n\n<div    class='xl:sticky !top-0 !border-0 xl:h-dvh bg-linear-to-b from-dark-navy to-vivid-blue flex justify-center items-center'    >\n    \n\n<div    class='container flex flex-col xl:flex-row items-center py-60 px-20 py-30 gap-30'    >\n    \n\n<div    class='flex flex-1 xl:flex-1\/2 xl:px-60 '    >\n    \n\n\n            <h3>Service Card<\/h3>\n    \n\n\n<\/div>\n\n\n<div data-aos-end=\"center 60%\" data-aos-split=\"lines\" data-aos=\"splitInUp\"    class='flex-1 xl:flex-1\/2 flex flex-col gap-30'    >\n    \n\n<p class=\"text-soft-white max-w-500\" data-aos=\"splitInUp\"><strong>Custom Algorithm Development<\/strong> Our team of specialist engineers develops state-of-the-art algorithms using the latest artificial intelligence techniques, from convolutional neural networks to multimodal transformers, optimized for critical industrial applications and real-time processing.<\/p>\n\n\n\n<p class=\"text-soft-white max-w-500\" data-aos=\"splitInUp\">\u25cf Deep Neural Networks (CNN, Transformer, VLMs)<\/p>\n\n\n\n<p class=\"text-soft-white max-w-500\" data-aos=\"splitInUp\">\u25cf Advanced vision algorithms (segmentation, tracking, OCR)<\/p>\n\n\n\n<p class=\"text-soft-white max-w-500\">\u25cf Embedded AI models optimized for edge computing<\/p>\n\n\n\n<p class=\"text-soft-white max-w-500\">\u25cf Reinforcement learning and predictive analytics systems<\/p>\n\n\n<\/div>\n\n<\/div>\n\n<\/div>\n\n\n<div    class='xl:sticky !top-0 !border-0 xl:h-dvh bg-linear-to-b from-dark-navy to-vivid-blue flex justify-center items-center'    >\n    \n\n<div    class='container flex flex-col xl:flex-row items-center py-60 px-20 py-30 gap-30'    >\n    \n\n<div    class='flex flex-1 xl:flex-1\/2 xl:px-60 '    >\n    \n\n\n            <h3>Service Card<\/h3>\n    \n\n\n<\/div>\n\n\n<div data-aos-end=\"center 60%\" data-aos-split=\"lines\" data-aos=\"splitInUp\"    class='flex-1 xl:flex-1\/2 flex flex-col gap-30'    >\n    \n\n<p class=\"text-soft-white max-w-500\" data-aos=\"splitInUp\"><strong>Hardware and Software Integration<\/strong> We design and integrate complete systems that combine specialized hardware with customized software, ensuring maximum compatibility and performance in demanding industrial environments.<\/p>\n\n\n\n<p class=\"text-soft-white max-w-500\" data-aos=\"splitInUp\">\u25cf Selection and integration of industrial cameras<\/p>\n\n\n\n<p class=\"text-soft-white max-w-500\" data-aos=\"splitInUp\">\u25cf Specialized lighting systems<\/p>\n\n\n\n<p class=\"text-soft-white max-w-500\">\u25cf Development of customized user interfaces<\/p>\n\n\n\n<p class=\"text-soft-white max-w-500\">\u25cf Integration with existing control systems<\/p>\n\n\n<\/div>\n\n<\/div>\n\n<\/div>\n\n\n<div    class='xl:sticky !top-0 !border-0 xl:h-dvh bg-linear-to-b from-dark-navy to-vivid-blue flex justify-center items-center'    >\n    \n\n<div    class='container flex flex-col xl:flex-row items-center py-60 px-20 py-30 gap-30'    >\n    \n\n<div    class='flex flex-1 xl:flex-1\/2 xl:px-60 '    >\n    \n\n\n            <h3>Service Card<\/h3>\n    \n\n\n<\/div>\n\n\n<div data-aos-end=\"center 60%\" data-aos-split=\"lines\" data-aos=\"splitInUp\"    class='flex-1 xl:flex-1\/2 flex flex-col gap-30'    >\n    \n\n<p class=\"text-soft-white max-w-500\" data-aos=\"splitInUp\"><strong>Intelligent Robotics and Mobile Systems<\/strong> We combine artificial vision with advanced robotics to create autonomous solutions that optimize handling, inspection and navigation processes in various industrial sectors.<\/p>\n\n\n\n<p class=\"text-soft-white max-w-500\" data-aos=\"splitInUp\">\u25cf Vision-guided robotics<\/p>\n\n\n\n<p class=\"text-soft-white max-w-500\" data-aos=\"splitInUp\">\u25cf Autonomous navigation systems (AMR\/AGV)<\/p>\n\n\n\n<p class=\"text-soft-white max-w-500\">\u25cf Collaborative robotic arms with AI<\/p>\n\n\n\n<p class=\"text-soft-white max-w-500\">\u25cf Real-time vision-robot integration<\/p>\n\n\n<\/div>\n\n<\/div>\n\n<\/div>\n\n\n<div    class='xl:sticky !top-0 !border-0 xl:h-dvh bg-linear-to-b from-dark-navy to-vivid-blue flex justify-center items-center'    >\n    \n\n<div    class='container flex flex-col xl:flex-row items-center py-60 px-20 py-30 gap-30'    >\n    \n\n<div    class='flex flex-1 xl:flex-1\/2 xl:px-60 '    >\n    \n\n\n            <h3>Service Card<\/h3>\n    \n\n\n<\/div>\n\n\n<div data-aos-end=\"center 60%\" data-aos-split=\"lines\" data-aos=\"splitInUp\"    class='flex-1 xl:flex-1\/2 flex flex-col gap-30'    >\n    \n\n<p class=\"text-soft-white max-w-500\" data-aos=\"splitInUp\"><strong>Specialized Sector Applications<\/strong> We develop specific solutions for different sectors, from precision agriculture to public safety, adapting our technologies to the particular needs of each industry.<\/p>\n\n\n\n<p class=\"text-soft-white max-w-500\" data-aos=\"splitInUp\">\u25cf Precision agriculture and crop monitoring<\/p>\n\n\n\n<p class=\"text-soft-white max-w-500\" data-aos=\"splitInUp\">\u25cf Sistemas inteligentes de videovigilancia y seguridad<\/p>\n\n\n\n<p class=\"text-soft-white max-w-500\">\u25cf Solutions for mobility and autonomous vehicles<\/p>\n\n\n\n<p class=\"text-soft-white max-w-500\">\u25cf Applications for smart cities and sustainability<\/p>\n\n\n<\/div>\n\n<\/div>\n\n<\/div>\n\n\n<div    class='xl:sticky !top-0 !border-0 xl:h-dvh bg-linear-to-b from-dark-navy to-vivid-blue flex justify-center items-center'    >\n    \n\n<div    class='container flex flex-col xl:flex-row items-center py-60 px-20 py-30 gap-30'    >\n    \n\n<div    class='flex flex-1 xl:flex-1\/2 xl:px-60 '    >\n    \n\n\n            <h3>Service Card<\/h3>\n    \n\n\n<\/div>\n\n\n<div data-aos-end=\"center 60%\" data-aos-split=\"lines\" data-aos=\"splitInUp\"    class='flex-1 xl:flex-1\/2 flex flex-col gap-30'    >\n    \n\n<p class=\"text-soft-white max-w-500\" data-aos=\"splitInUp\"><strong>Implementation and Optimization<\/strong> We manage the entire implementation process, from installation to commissioning, including staff training and ongoing system optimization to maximize return on investment.<\/p>\n\n\n\n<p class=\"text-soft-white max-w-500\" data-aos=\"splitInUp\">\u25cf On-site installation and configuration<\/p>\n\n\n\n<p class=\"text-soft-white max-w-500\" data-aos=\"splitInUp\">\u25cf Specialized technical training<\/p>\n\n\n\n<p class=\"text-soft-white max-w-500\">\u25cf Optimization of production performance<\/p>\n\n\n\n<p class=\"text-soft-white max-w-500\">\u25cf Specialized technical support<\/p>\n\n\n<\/div>\n\n<\/div>\n\n<\/div>\n\n<\/section>\n\n\n<section    class='relative py-120'    data-aos=\"scale-in\">\n    \n\n<div    class='p-30'    >\n    \n\n<div    class=' relative overflow-hidden py-120 px-30 rounded-bl-2xl xl:rounded-bl-rovi rounded-tr-2xl xl:rounded-tr-rovi'    >\n    \n\n\n            <h3>Simple image<\/h3>\n    \n\n\n\n<div    class='absolute inset-0 w-full h-full bg-true-black\/70'    >\n    \n<\/div>\n\n\n<div    class='relative flex flex-col gap-30 items-center justify-center text-center'    >\n    \n\n<h2 class=\"wp-block-heading text-3xl text-soft-white\" data-aos=\"splitInUp\">Any questions?<\/h2>\n\n\n\n<div        >\n    \n\n<p class=\"text-xl max-w-500 text-soft-white \" data-aos=\"splitInUp\">We are here to help you!<\/p>\n\n\n\n<p class=\"text-xl max-w-500 text-soft-white \" data-aos=\"splitInUp\">Let&#8217;s find the solution together.<\/p>\n\n\n<\/div>\n\n\n\n    \n        \n        \n            <a\n                href='\/en\/contact\/'                                class='btn text-soft-white'                                data-aos=\"fadeInUp\">\n\n                                            <span>Learn more<\/span>\n                        <span class=\"i-fluent-arrow-down-right-48-filled\"><\/span>\n                                            \n                    \n                    \n\n            <\/a>\n\n        \n    \n    \n\n<\/div>\n\n<\/div>\n\n<\/div>\n\n<\/section>","protected":false},"excerpt":{"rendered":"","protected":false},"author":1,"featured_media":0,"parent":0,"menu_order":0,"comment_status":"closed","ping_status":"closed","template":"","meta":{"inline_featured_image":false,"footnotes":""},"class_list":["post-2474","page","type-page","status-publish","hentry"],"yoast_head":"<!-- This site is optimized with the Yoast SEO plugin v27.2 - https:\/\/yoast.com\/product\/yoast-seo-wordpress\/ -->\n<title>Vision and Artificial Intelligence - Rovim\u00e1tica<\/title>\n<meta name=\"robots\" content=\"index, follow, max-snippet:-1, max-image-preview:large, max-video-preview:-1\" \/>\n<link rel=\"canonical\" href=\"https:\/\/www.rovimatica.com\/vision-e-inteligencia-artificial\/\" \/>\n<meta property=\"og:locale\" content=\"en_US\" \/>\n<meta property=\"og:type\" content=\"article\" \/>\n<meta property=\"og:title\" content=\"Vision and Artificial Intelligence - Rovim\u00e1tica\" \/>\n<meta property=\"og:url\" content=\"https:\/\/www.rovimatica.com\/vision-e-inteligencia-artificial\/\" \/>\n<meta property=\"og:site_name\" content=\"Rovim\u00e1tica\" \/>\n<meta property=\"article:modified_time\" content=\"2025-07-02T08:05:41+00:00\" \/>\n<meta name=\"twitter:card\" content=\"summary_large_image\" \/>\n<meta name=\"twitter:label1\" content=\"Est. reading time\" \/>\n\t<meta name=\"twitter:data1\" content=\"3 minutes\" \/>\n<script type=\"application\/ld+json\" class=\"yoast-schema-graph\">{\"@context\":\"https:\/\/schema.org\",\"@graph\":[{\"@type\":\"WebPage\",\"@id\":\"https:\/\/www.rovimatica.com\/vision-e-inteligencia-artificial\/\",\"url\":\"https:\/\/www.rovimatica.com\/vision-e-inteligencia-artificial\/\",\"name\":\"Vision and Artificial Intelligence - Rovim\u00e1tica\",\"isPartOf\":{\"@id\":\"https:\/\/www.rovimatica.com\/#website\"},\"datePublished\":\"2025-04-14T09:25:07+00:00\",\"dateModified\":\"2025-07-02T08:05:41+00:00\",\"breadcrumb\":{\"@id\":\"https:\/\/www.rovimatica.com\/vision-e-inteligencia-artificial\/#breadcrumb\"},\"inLanguage\":\"en-US\",\"potentialAction\":[{\"@type\":\"ReadAction\",\"target\":[\"https:\/\/www.rovimatica.com\/vision-e-inteligencia-artificial\/\"]}]},{\"@type\":\"BreadcrumbList\",\"@id\":\"https:\/\/www.rovimatica.com\/vision-e-inteligencia-artificial\/#breadcrumb\",\"itemListElement\":[{\"@type\":\"ListItem\",\"position\":1,\"name\":\"Portada\",\"item\":\"https:\/\/www.rovimatica.com\/en\/\"},{\"@type\":\"ListItem\",\"position\":2,\"name\":\"Vision and Artificial Intelligence\"}]},{\"@type\":\"WebSite\",\"@id\":\"https:\/\/www.rovimatica.com\/#website\",\"url\":\"https:\/\/www.rovimatica.com\/\",\"name\":\"Rovim\u00e1tica\",\"description\":\"Automatizaci\u00f3n industrial, visi\u00f3n artificial, veh\u00edculos industriales\",\"publisher\":{\"@id\":\"https:\/\/www.rovimatica.com\/#organization\"},\"potentialAction\":[{\"@type\":\"SearchAction\",\"target\":{\"@type\":\"EntryPoint\",\"urlTemplate\":\"https:\/\/www.rovimatica.com\/?s={search_term_string}\"},\"query-input\":{\"@type\":\"PropertyValueSpecification\",\"valueRequired\":true,\"valueName\":\"search_term_string\"}}],\"inLanguage\":\"en-US\"},{\"@type\":\"Organization\",\"@id\":\"https:\/\/www.rovimatica.com\/#organization\",\"name\":\"Rovim\u00e1tica\",\"url\":\"https:\/\/www.rovimatica.com\/\",\"logo\":{\"@type\":\"ImageObject\",\"inLanguage\":\"en-US\",\"@id\":\"https:\/\/www.rovimatica.com\/#\/schema\/logo\/image\/\",\"url\":\"https:\/\/www.rovimatica.com\/wp-content\/uploads\/2025\/05\/logo-blue-1.svg\",\"contentUrl\":\"https:\/\/www.rovimatica.com\/wp-content\/uploads\/2025\/05\/logo-blue-1.svg\",\"width\":254,\"height\":53,\"caption\":\"Rovim\u00e1tica\"},\"image\":{\"@id\":\"https:\/\/www.rovimatica.com\/#\/schema\/logo\/image\/\"}}]}<\/script>\n<!-- \/ Yoast SEO plugin. -->","yoast_head_json":{"title":"Vision and Artificial Intelligence - Rovim\u00e1tica","robots":{"index":"index","follow":"follow","max-snippet":"max-snippet:-1","max-image-preview":"max-image-preview:large","max-video-preview":"max-video-preview:-1"},"canonical":"https:\/\/www.rovimatica.com\/vision-e-inteligencia-artificial\/","og_locale":"en_US","og_type":"article","og_title":"Vision and Artificial Intelligence - Rovim\u00e1tica","og_url":"https:\/\/www.rovimatica.com\/vision-e-inteligencia-artificial\/","og_site_name":"Rovim\u00e1tica","article_modified_time":"2025-07-02T08:05:41+00:00","twitter_card":"summary_large_image","twitter_misc":{"Est. reading time":"3 minutes"},"schema":{"@context":"https:\/\/schema.org","@graph":[{"@type":"WebPage","@id":"https:\/\/www.rovimatica.com\/vision-e-inteligencia-artificial\/","url":"https:\/\/www.rovimatica.com\/vision-e-inteligencia-artificial\/","name":"Vision and Artificial Intelligence - Rovim\u00e1tica","isPartOf":{"@id":"https:\/\/www.rovimatica.com\/#website"},"datePublished":"2025-04-14T09:25:07+00:00","dateModified":"2025-07-02T08:05:41+00:00","breadcrumb":{"@id":"https:\/\/www.rovimatica.com\/vision-e-inteligencia-artificial\/#breadcrumb"},"inLanguage":"en-US","potentialAction":[{"@type":"ReadAction","target":["https:\/\/www.rovimatica.com\/vision-e-inteligencia-artificial\/"]}]},{"@type":"BreadcrumbList","@id":"https:\/\/www.rovimatica.com\/vision-e-inteligencia-artificial\/#breadcrumb","itemListElement":[{"@type":"ListItem","position":1,"name":"Portada","item":"https:\/\/www.rovimatica.com\/en\/"},{"@type":"ListItem","position":2,"name":"Vision and Artificial Intelligence"}]},{"@type":"WebSite","@id":"https:\/\/www.rovimatica.com\/#website","url":"https:\/\/www.rovimatica.com\/","name":"Rovim\u00e1tica","description":"Automatizaci\u00f3n industrial, visi\u00f3n artificial, veh\u00edculos industriales","publisher":{"@id":"https:\/\/www.rovimatica.com\/#organization"},"potentialAction":[{"@type":"SearchAction","target":{"@type":"EntryPoint","urlTemplate":"https:\/\/www.rovimatica.com\/?s={search_term_string}"},"query-input":{"@type":"PropertyValueSpecification","valueRequired":true,"valueName":"search_term_string"}}],"inLanguage":"en-US"},{"@type":"Organization","@id":"https:\/\/www.rovimatica.com\/#organization","name":"Rovim\u00e1tica","url":"https:\/\/www.rovimatica.com\/","logo":{"@type":"ImageObject","inLanguage":"en-US","@id":"https:\/\/www.rovimatica.com\/#\/schema\/logo\/image\/","url":"https:\/\/www.rovimatica.com\/wp-content\/uploads\/2025\/05\/logo-blue-1.svg","contentUrl":"https:\/\/www.rovimatica.com\/wp-content\/uploads\/2025\/05\/logo-blue-1.svg","width":254,"height":53,"caption":"Rovim\u00e1tica"},"image":{"@id":"https:\/\/www.rovimatica.com\/#\/schema\/logo\/image\/"}}]}},"_links":{"self":[{"href":"https:\/\/www.rovimatica.com\/en\/wp-json\/wp\/v2\/pages\/2474","targetHints":{"allow":["GET"]}}],"collection":[{"href":"https:\/\/www.rovimatica.com\/en\/wp-json\/wp\/v2\/pages"}],"about":[{"href":"https:\/\/www.rovimatica.com\/en\/wp-json\/wp\/v2\/types\/page"}],"author":[{"embeddable":true,"href":"https:\/\/www.rovimatica.com\/en\/wp-json\/wp\/v2\/users\/1"}],"replies":[{"embeddable":true,"href":"https:\/\/www.rovimatica.com\/en\/wp-json\/wp\/v2\/comments?post=2474"}],"version-history":[{"count":7,"href":"https:\/\/www.rovimatica.com\/en\/wp-json\/wp\/v2\/pages\/2474\/revisions"}],"predecessor-version":[{"id":2614,"href":"https:\/\/www.rovimatica.com\/en\/wp-json\/wp\/v2\/pages\/2474\/revisions\/2614"}],"wp:attachment":[{"href":"https:\/\/www.rovimatica.com\/en\/wp-json\/wp\/v2\/media?parent=2474"}],"curies":[{"name":"wp","href":"https:\/\/api.w.org\/{rel}","templated":true}]}}