{"id":2477,"date":"2025-04-11T11:07:21","date_gmt":"2025-04-11T09:07:21","guid":{"rendered":"https:\/\/www.rovimatica.com\/etico\/"},"modified":"2026-03-26T14:52:36","modified_gmt":"2026-03-26T13:52:36","slug":"ethical-channel","status":"publish","type":"page","link":"https:\/\/www.rovimatica.com\/en\/ethical-channel\/","title":{"rendered":"Ethical Channel"},"content":{"rendered":"\n<div    class='bg-bold-purple relative overflow-hidden  min-h-dvh flex items-center'    >\n    \n\n\n            <h3>Simple image<\/h3>\n    \n\n\n\n<div    class='absolute inset-0 w-full h-full bg-bold-purple\/30 hidden'    >\n    \n<\/div>\n\n\n<div    class='relative container flex items-center justify-center px-30 pb-60 pt-100 w-full h-full'    >\n    \n\n<h2 class=\"wp-block-heading text-4xl xl:text-6xl text-soft-white text-center\" data-aos-split=\"words\" data-aos=\"splitInUp\">Ethical Channel<\/h2>\n\n\n<\/div>\n\n<\/div>\n\n\n<section    class='py-100'    >\n    \n\n<div    class='container flex flex-col xl:flex-row  py-60 px-20 py-30 '    >\n    \n\n<div    class='flex-1 xl:flex-1\/2 flex flex-col gap-30 mb-30'    >\n    \n\n<h2 class=\"wp-block-heading text-sm text-vivid-blue font-normal uppercase flex items-center\" data-aos=\"splitInUp\"><span class=\"i-fluent-circle-small-24-filled\"><\/span>\u25cf Ethical Channel<\/h2>\n\n\n\n<h2 class=\"wp-block-heading text-3xl max-w-400\" data-aos=\"splitInUp\">Integrity and business ethics.<\/h2>\n\n\n<\/div>\n\n\n<div    class='flex flex-1 flex-col  xl:flex-1\/2 xl:px-60 gap-10'    data-accordion=\"collapse\" data-aos=\"fadeIn\" data-aos-group>\n    \n\n    \n    <div class=\"accordion-container bg-dark-navy\" data-aos-child>\n\n        <button\n            type=\"button\"\n            class=\"accordion-btn text-soft-white\"\n            data-accordion-target=\"#what-is-the-ethical-channel477\"\n            aria-expanded=\"true\"\n            data-accordion-id=\"what-is-the-ethical-channel477\"\n        >\n\n            <span class=\"fw-medium\">\n                What is the Ethical Channel?            <\/span>\n\n            <span class=\"btn btn-secondary\">\n                <span class=\"i-fluent-add-48-filled\"><\/span>\n            <\/span>\n            \n\n        <\/button>\n\n        <div\n            id=\"what-is-the-ethical-channel477\"\n            class=\"accordion-content  transition-all duration-300 ease-in-out overflow-hidden js-accordion-content\">\n            <div class=\"text-soft-white\">\n                \n\n<p>We have an Ethics Hotline, which allows you to report any incident or irregularity of potential significance that may contravene the provisions of our Code of Ethics and Conduct.<\/p>\n\n\n\n<p>The aim of this channel is to identify conduct that contravenes the Company\u2019s ethical standards and principles of good governance; we therefore encourage employees, customers, suppliers or anyone who comes into contact with our services to report such incidents to us.<\/p>\n\n\n            <\/div>\n        <\/div>\n\n    <\/div>\n\n\n\n\n    \n    <div class=\"accordion-container bg-dark-navy\" data-aos-child>\n\n        <button\n            type=\"button\"\n            class=\"accordion-btn text-soft-white\"\n            data-accordion-target=\"#good-use-of-the-channel224\"\n            aria-expanded=\"true\"\n            data-accordion-id=\"good-use-of-the-channel224\"\n        >\n\n            <span class=\"fw-medium\">\n                Good use of the channel            <\/span>\n\n            <span class=\"btn btn-secondary\">\n                <span class=\"i-fluent-add-48-filled\"><\/span>\n            <\/span>\n            \n\n        <\/button>\n\n        <div\n            id=\"good-use-of-the-channel224\"\n            class=\"accordion-content  transition-all duration-300 ease-in-out overflow-hidden js-accordion-content\">\n            <div class=\"text-soft-white\">\n                \n\n<p>It is important to remember that the Ethics Channel only handles reports relating to conduct that contravenes ROVIMATICA\u2019s Code of Ethics and Conduct.<\/p>\n\n\n\n<p>To prevent misuse of the channel, specific criteria will be applied when assessing reports.<\/p>\n\n\n            <\/div>\n        <\/div>\n\n    <\/div>\n\n\n\n\n    \n    <div class=\"accordion-container bg-dark-navy\" data-aos-child>\n\n        <button\n            type=\"button\"\n            class=\"accordion-btn text-soft-white\"\n            data-accordion-target=\"#how-to-send-a-communication563\"\n            aria-expanded=\"true\"\n            data-accordion-id=\"how-to-send-a-communication563\"\n        >\n\n            <span class=\"fw-medium\">\n                How to send a communication?            <\/span>\n\n            <span class=\"btn btn-secondary\">\n                <span class=\"i-fluent-add-48-filled\"><\/span>\n            <\/span>\n            \n\n        <\/button>\n\n        <div\n            id=\"how-to-send-a-communication563\"\n            class=\"accordion-content  transition-all duration-300 ease-in-out overflow-hidden js-accordion-content\">\n            <div class=\"text-soft-white\">\n                \n\n<p>Below, you will find the form where you can provide full details of the matter that concerns you. Please try to be as specific as possible regarding names or departments, individuals, documents, policies, locations, dates, times, etc.<\/p>\n\n\n\n<p>The tool guarantees the confidentiality of communications and the anonymity of the whistleblower at all times. Furthermore, the investigation process is conducted objectively and independently, with a guarantee that no reprisals will be taken.<\/p>\n\n\n\n<p class=\"has-text-align-center\"><a href=\"https:\/\/www.rovimatica.com\/wp-content\/uploads\/2026\/03\/PROCEDIMIENTO-DE-GESTION-DE-COMUNICACIONES-AL-CANAL-ETICO.pdf\">Ethics Channel Procedure<\/a><\/p>\n\n\n            <\/div>\n        <\/div>\n\n    <\/div>\n\n\n\n<\/div>\n\n<\/div>\n\n<\/section>\n\n\n<section    class='relative pb-120'    data-aos=\"scale-in\">\n    \n\n<div    class='p-30'    >\n    \n\n<div    class=' relative overflow-hidden py-120 px-30 rounded-bl-2xl xl:rounded-bl-rovi rounded-tr-2xl xl:rounded-tr-rovi'    >\n    \n\n\n            <h3>Simple image<\/h3>\n    \n\n\n\n<div    class='absolute inset-0 w-full h-full bg-true-black\/70'    >\n    \n<\/div>\n\n\n<div    class='relative flex flex-col gap-30 items-center justify-center text-center'    >\n    \n\n<h2 class=\"wp-block-heading text-3xl text-soft-white\" data-aos=\"splitInUp\">Any questions?<\/h2>\n\n\n\n<div        >\n    \n\n<p class=\"text-xl max-w-500 text-soft-white \" data-aos=\"splitInUp\">We are here to help you!<\/p>\n\n\n\n<p class=\"text-xl max-w-500 text-soft-white \" data-aos=\"splitInUp\">Let&#8217;s find the solution together.<\/p>\n\n\n<\/div>\n\n\n\n    \n        \n        \n            <a data-aos=\"fadeInUp\"\n                href='#'                                class='btn text-soft-white'                                >\n\n                                            <span>Learn more<\/span>\n                        <span class=\"i-fluent-arrow-down-right-48-filled\"><\/span>\n                                            \n                    \n                    \n\n            <\/a>\n\n        \n    \n    \n\n<\/div>\n\n<\/div>\n\n<\/div>\n\n<\/section>","protected":false},"excerpt":{"rendered":"","protected":false},"author":1,"featured_media":0,"parent":0,"menu_order":0,"comment_status":"closed","ping_status":"closed","template":"","meta":{"inline_featured_image":false,"footnotes":""},"class_list":["post-2477","page","type-page","status-publish","hentry"],"yoast_head":"<!-- This site is optimized with the Yoast SEO plugin v27.2 - https:\/\/yoast.com\/product\/yoast-seo-wordpress\/ -->\n<title>Ethical Channel - Rovim\u00e1tica<\/title>\n<meta name=\"robots\" content=\"index, follow, max-snippet:-1, max-image-preview:large, max-video-preview:-1\" \/>\n<link rel=\"canonical\" href=\"https:\/\/www.rovimatica.com\/en\/ethical-channel\/\" \/>\n<meta property=\"og:locale\" content=\"en_US\" \/>\n<meta property=\"og:type\" content=\"article\" \/>\n<meta property=\"og:title\" content=\"Ethical Channel - Rovim\u00e1tica\" \/>\n<meta property=\"og:url\" content=\"https:\/\/www.rovimatica.com\/en\/ethical-channel\/\" \/>\n<meta property=\"og:site_name\" content=\"Rovim\u00e1tica\" \/>\n<meta property=\"article:modified_time\" content=\"2026-03-26T13:52:36+00:00\" \/>\n<meta name=\"twitter:card\" content=\"summary_large_image\" \/>\n<meta name=\"twitter:label1\" content=\"Est. reading time\" \/>\n\t<meta name=\"twitter:data1\" content=\"1 minute\" \/>\n<script type=\"application\/ld+json\" class=\"yoast-schema-graph\">{\"@context\":\"https:\/\/schema.org\",\"@graph\":[{\"@type\":\"WebPage\",\"@id\":\"https:\/\/www.rovimatica.com\/en\/ethical-channel\/\",\"url\":\"https:\/\/www.rovimatica.com\/en\/ethical-channel\/\",\"name\":\"Ethical Channel - Rovim\u00e1tica\",\"isPartOf\":{\"@id\":\"https:\/\/www.rovimatica.com\/#website\"},\"datePublished\":\"2025-04-11T09:07:21+00:00\",\"dateModified\":\"2026-03-26T13:52:36+00:00\",\"breadcrumb\":{\"@id\":\"https:\/\/www.rovimatica.com\/en\/ethical-channel\/#breadcrumb\"},\"inLanguage\":\"en-US\",\"potentialAction\":[{\"@type\":\"ReadAction\",\"target\":[\"https:\/\/www.rovimatica.com\/en\/ethical-channel\/\"]}]},{\"@type\":\"BreadcrumbList\",\"@id\":\"https:\/\/www.rovimatica.com\/en\/ethical-channel\/#breadcrumb\",\"itemListElement\":[{\"@type\":\"ListItem\",\"position\":1,\"name\":\"Portada\",\"item\":\"https:\/\/www.rovimatica.com\/en\/\"},{\"@type\":\"ListItem\",\"position\":2,\"name\":\"Ethical Channel\"}]},{\"@type\":\"WebSite\",\"@id\":\"https:\/\/www.rovimatica.com\/#website\",\"url\":\"https:\/\/www.rovimatica.com\/\",\"name\":\"Rovim\u00e1tica\",\"description\":\"Automatizaci\u00f3n industrial, visi\u00f3n artificial, veh\u00edculos industriales\",\"publisher\":{\"@id\":\"https:\/\/www.rovimatica.com\/#organization\"},\"potentialAction\":[{\"@type\":\"SearchAction\",\"target\":{\"@type\":\"EntryPoint\",\"urlTemplate\":\"https:\/\/www.rovimatica.com\/?s={search_term_string}\"},\"query-input\":{\"@type\":\"PropertyValueSpecification\",\"valueRequired\":true,\"valueName\":\"search_term_string\"}}],\"inLanguage\":\"en-US\"},{\"@type\":\"Organization\",\"@id\":\"https:\/\/www.rovimatica.com\/#organization\",\"name\":\"Rovim\u00e1tica\",\"url\":\"https:\/\/www.rovimatica.com\/\",\"logo\":{\"@type\":\"ImageObject\",\"inLanguage\":\"en-US\",\"@id\":\"https:\/\/www.rovimatica.com\/#\/schema\/logo\/image\/\",\"url\":\"https:\/\/www.rovimatica.com\/wp-content\/uploads\/2025\/05\/logo-blue-1.svg\",\"contentUrl\":\"https:\/\/www.rovimatica.com\/wp-content\/uploads\/2025\/05\/logo-blue-1.svg\",\"width\":254,\"height\":53,\"caption\":\"Rovim\u00e1tica\"},\"image\":{\"@id\":\"https:\/\/www.rovimatica.com\/#\/schema\/logo\/image\/\"}}]}<\/script>\n<!-- \/ Yoast SEO plugin. -->","yoast_head_json":{"title":"Ethical Channel - Rovim\u00e1tica","robots":{"index":"index","follow":"follow","max-snippet":"max-snippet:-1","max-image-preview":"max-image-preview:large","max-video-preview":"max-video-preview:-1"},"canonical":"https:\/\/www.rovimatica.com\/en\/ethical-channel\/","og_locale":"en_US","og_type":"article","og_title":"Ethical Channel - Rovim\u00e1tica","og_url":"https:\/\/www.rovimatica.com\/en\/ethical-channel\/","og_site_name":"Rovim\u00e1tica","article_modified_time":"2026-03-26T13:52:36+00:00","twitter_card":"summary_large_image","twitter_misc":{"Est. reading time":"1 minute"},"schema":{"@context":"https:\/\/schema.org","@graph":[{"@type":"WebPage","@id":"https:\/\/www.rovimatica.com\/en\/ethical-channel\/","url":"https:\/\/www.rovimatica.com\/en\/ethical-channel\/","name":"Ethical Channel - Rovim\u00e1tica","isPartOf":{"@id":"https:\/\/www.rovimatica.com\/#website"},"datePublished":"2025-04-11T09:07:21+00:00","dateModified":"2026-03-26T13:52:36+00:00","breadcrumb":{"@id":"https:\/\/www.rovimatica.com\/en\/ethical-channel\/#breadcrumb"},"inLanguage":"en-US","potentialAction":[{"@type":"ReadAction","target":["https:\/\/www.rovimatica.com\/en\/ethical-channel\/"]}]},{"@type":"BreadcrumbList","@id":"https:\/\/www.rovimatica.com\/en\/ethical-channel\/#breadcrumb","itemListElement":[{"@type":"ListItem","position":1,"name":"Portada","item":"https:\/\/www.rovimatica.com\/en\/"},{"@type":"ListItem","position":2,"name":"Ethical Channel"}]},{"@type":"WebSite","@id":"https:\/\/www.rovimatica.com\/#website","url":"https:\/\/www.rovimatica.com\/","name":"Rovim\u00e1tica","description":"Automatizaci\u00f3n industrial, visi\u00f3n artificial, veh\u00edculos industriales","publisher":{"@id":"https:\/\/www.rovimatica.com\/#organization"},"potentialAction":[{"@type":"SearchAction","target":{"@type":"EntryPoint","urlTemplate":"https:\/\/www.rovimatica.com\/?s={search_term_string}"},"query-input":{"@type":"PropertyValueSpecification","valueRequired":true,"valueName":"search_term_string"}}],"inLanguage":"en-US"},{"@type":"Organization","@id":"https:\/\/www.rovimatica.com\/#organization","name":"Rovim\u00e1tica","url":"https:\/\/www.rovimatica.com\/","logo":{"@type":"ImageObject","inLanguage":"en-US","@id":"https:\/\/www.rovimatica.com\/#\/schema\/logo\/image\/","url":"https:\/\/www.rovimatica.com\/wp-content\/uploads\/2025\/05\/logo-blue-1.svg","contentUrl":"https:\/\/www.rovimatica.com\/wp-content\/uploads\/2025\/05\/logo-blue-1.svg","width":254,"height":53,"caption":"Rovim\u00e1tica"},"image":{"@id":"https:\/\/www.rovimatica.com\/#\/schema\/logo\/image\/"}}]}},"_links":{"self":[{"href":"https:\/\/www.rovimatica.com\/en\/wp-json\/wp\/v2\/pages\/2477","targetHints":{"allow":["GET"]}}],"collection":[{"href":"https:\/\/www.rovimatica.com\/en\/wp-json\/wp\/v2\/pages"}],"about":[{"href":"https:\/\/www.rovimatica.com\/en\/wp-json\/wp\/v2\/types\/page"}],"author":[{"embeddable":true,"href":"https:\/\/www.rovimatica.com\/en\/wp-json\/wp\/v2\/users\/1"}],"replies":[{"embeddable":true,"href":"https:\/\/www.rovimatica.com\/en\/wp-json\/wp\/v2\/comments?post=2477"}],"version-history":[{"count":5,"href":"https:\/\/www.rovimatica.com\/en\/wp-json\/wp\/v2\/pages\/2477\/revisions"}],"predecessor-version":[{"id":2900,"href":"https:\/\/www.rovimatica.com\/en\/wp-json\/wp\/v2\/pages\/2477\/revisions\/2900"}],"wp:attachment":[{"href":"https:\/\/www.rovimatica.com\/en\/wp-json\/wp\/v2\/media?parent=2477"}],"curies":[{"name":"wp","href":"https:\/\/api.w.org\/{rel}","templated":true}]}}