{"id":2487,"date":"2025-04-11T11:07:11","date_gmt":"2025-04-11T09:07:11","guid":{"rendered":"https:\/\/www.rovimatica.com\/politica\/"},"modified":"2026-04-07T10:04:58","modified_gmt":"2026-04-07T08:04:58","slug":"management-policy","status":"publish","type":"page","link":"https:\/\/www.rovimatica.com\/en\/management-policy\/","title":{"rendered":"Management Policy"},"content":{"rendered":"\n<div    class='bg-bold-purple relative overflow-hidden  min-h-dvh flex items-center'    >\n    \n\n\n            <h3>Simple image<\/h3>\n    \n\n\n\n<div    class=' absolute inset-0 w-full h-full bg-bold-purple\/30 hidden'    >\n    \n<\/div>\n\n\n<div    class='relative container flex items-center justify-center px-30 pb-60 pt-100 w-full h-full'    >\n    \n\n<h2 class=\"wp-block-heading text-4xl xl:text-6xl text-soft-white text-center\" data-aos-split=\"words\" data-aos=\"splitInUp\">Management Policy<\/h2>\n\n\n<\/div>\n\n<\/div>\n\n\n<section    class='py-100 relative overflow-hidden'    >\n    \n\n\n            <h3>Simple image<\/h3>\n    \n\n\n\n\n            <h3>Simple image<\/h3>\n    \n\n\n\n<div    class='relative container'    >\n    \n\n<div    class='max-w-1200 mx-auto'    >\n    \n\n<h2 class=\"wp-block-heading text-4xl xl:text-5xl text-dark-navy text-center\" data-aos=\"splitInUp\">It establishes the following guidelines as management policy<\/h2>\n\n\n<\/div>\n\n<\/div>\n\n\n<div    class='container flex flex-col xl:flex-row items-center justify-center py-60 px-20 py-30'    >\n    \n\n<div    class='hidden xl:flex flex-1 xl:flex-1\/2'    >\n    \n\n\n                    <img decoding=\"async\"  src=\"https:\/\/www.rovimatica.com\/wp-content\/uploads\/2025\/05\/SVG.jpg\" class=\"object-cover w-full h-full\" \/>\n    \n\n\n<\/div>\n\n\n<div    class='flex-1 xl:flex-1\/2 flex flex-col gap-30 xl:px-60'    >\n    \n\n<ul class=\"wp-block-list max-w-500 list-none\">\n<li data-aos=\"splitInUp\">\u25cf Attend to the particular needs of each client, providing the most appropriate solutions in each case.<\/li>\n\n\n\n<li data-aos=\"splitInUp\">\u25cf Adaptation of the product to the customer&#8217;s requirements, complying with their specifications.<\/li>\n\n\n\n<li data-aos=\"splitInUp\">\u25cf Quick resolution of any incident.<\/li>\n\n\n\n<li data-aos=\"splitInUp\">\u25cf Application of new technologies, promoting our strong commitment to innovation.<\/li>\n\n\n\n<li data-aos=\"splitInUp\">\u25cf Protection of the environment by preventing pollution, generating the minimum possible amount of waste in order to minimize the impact on the environment due to the exercise of the activity.<\/li>\n\n\n\n<li data-aos=\"splitInUp\">\u25cf It shall comply with the legal and other requirements to which ROVIMATICA subscribes.<\/li>\n\n\n\n<li data-aos=\"splitInUp\">It will be understood that the minimization of the effects of environmental impacts is a consequence of the minimization of the significance of the related environmental aspects, which is achieved by acting fundamentally on the magnitude and nature of the same. That is to say, the work around the environment in ROVIMATICA will always tend to minimize the significance of the environmental aspects.<\/li>\n<\/ul>\n\n\n<\/div>\n\n<\/div>\n\n\n<div    class='container flex flex-col xl:flex-row items-center justify-center py-60 px-20 py-30'    >\n    \n\n<div data-aos-end=\"center 60%\" data-aos-split=\"lines\" data-aos=\"splitInUp\"    class='flex-1 xl:flex-1\/2 flex flex-col gap-30 xl:px-60'    >\n    \n\n<p class=\"max-w-500\" data-aos=\"splitInUp\">ROVIMATICA&#8217;s management is aware that this can only be achieved by:<\/p>\n\n\n\n<ul class=\"wp-block-list max-w-500 list-none\">\n<li data-aos=\"splitInUp\">\u25cf Continuous contact with customers to detect and discuss their needs and to serve as a basis for continuous improvement.<\/li>\n\n\n\n<li data-aos=\"splitInUp\">\u25cf The use of appropriate equipment for product processing.<\/li>\n\n\n\n<li data-aos=\"splitInUp\">\u25cf Proper maintenance of all equipment and appliances.<\/li>\n\n\n\n<li data-aos=\"splitInUp\">\u25cf Constant concern for customer satisfaction.<\/li>\n\n\n\n<li data-aos=\"splitInUp\">\u25cf The application of the quality and environmental system, in accordance with the UNE-EN ISO 9001:2015 and UNE-EN ISO 14001:2015 standards to guarantee quality and the environment and the improvement of services.<\/li>\n<\/ul>\n\n\n\n<p data-aos=\"splitInUp\">This policy must be understood and assumed by all, with management as the first to assume the guidelines described.\u2028Annually, objectives consistent with the above will be defined and must be met by all.<\/p>\n\n\n<\/div>\n\n\n<div    class='hidden xl:flex flex-1 xl:flex-1\/2'    >\n    \n\n\n                    <img decoding=\"async\"  src=\"https:\/\/www.rovimatica.com\/wp-content\/uploads\/2025\/05\/s.jpg\" class=\"object-cover w-full h-full\" \/>\n    \n\n\n<\/div>\n\n<\/div>\n\n\n<div        >\n    \n\n<p class=\"text-center text-3xl\" data-aos=\"splitInUp\">Approved by management<\/p>\n\n\n<\/div>\n\n<\/section>\n\n\n<section    class='min-h-dvh py-60 bg-linear-to-b from-dark-navy to-vivid-blue flex items-center overflow-hidden relative'    >\n    \n\n\n            <h3>Simple image<\/h3>\n    \n\n\n\n<div    class='container flex flex-col items-center text-center gap-30'    >\n    \n\n<h2 class=\"wp-block-heading text-4xl xl:text-5xl text-soft-white max-w-500 mx-auto\" data-aos=\"splitInUp\">Contact with us<\/h2>\n\n\n\n<div    class='w-[1px] h-100 bg-soft-white d-inline-block mx-auto'    data-aos=\"clipDown\">\n    \n<\/div>\n\n\n<p class=\"text-xl text-soft-white max-w-400 mx-auto\" data-aos=\"splitInUp\">Do you have questions or need more information? Contact us now for a tailor-made solution.<\/p>\n\n\n\n\n    \n        \n        \n            <a\n                href='\/contacto'                                class='text-soft-white btn'                                data-aos=\"fadeInUp\">\n\n                                            <span>CONTACT<\/span>\n                        <span class=\"i-fluent-arrow-down-right-48-filled\"><\/span>\n                                            \n                    \n                    \n\n            <\/a>\n\n        \n    \n    \n\n<\/div>\n\n<\/section>","protected":false},"excerpt":{"rendered":"","protected":false},"author":1,"featured_media":0,"parent":0,"menu_order":0,"comment_status":"closed","ping_status":"closed","template":"","meta":{"inline_featured_image":false,"footnotes":""},"class_list":["post-2487","page","type-page","status-publish","hentry"],"yoast_head":"<!-- This site is optimized with the Yoast SEO plugin v27.2 - https:\/\/yoast.com\/product\/yoast-seo-wordpress\/ -->\n<title>Management Policy - Rovim\u00e1tica<\/title>\n<meta name=\"robots\" content=\"index, follow, max-snippet:-1, max-image-preview:large, max-video-preview:-1\" \/>\n<link rel=\"canonical\" href=\"https:\/\/www.rovimatica.com\/en\/management-policy\/\" \/>\n<meta property=\"og:locale\" content=\"en_US\" \/>\n<meta property=\"og:type\" content=\"article\" \/>\n<meta property=\"og:title\" content=\"Management Policy - Rovim\u00e1tica\" \/>\n<meta property=\"og:url\" content=\"https:\/\/www.rovimatica.com\/en\/management-policy\/\" \/>\n<meta property=\"og:site_name\" content=\"Rovim\u00e1tica\" \/>\n<meta property=\"article:modified_time\" content=\"2026-04-07T08:04:58+00:00\" \/>\n<meta name=\"twitter:card\" content=\"summary_large_image\" \/>\n<meta name=\"twitter:label1\" content=\"Est. reading time\" \/>\n\t<meta name=\"twitter:data1\" content=\"2 minutes\" \/>\n<script type=\"application\/ld+json\" class=\"yoast-schema-graph\">{\"@context\":\"https:\/\/schema.org\",\"@graph\":[{\"@type\":\"WebPage\",\"@id\":\"https:\/\/www.rovimatica.com\/en\/management-policy\/\",\"url\":\"https:\/\/www.rovimatica.com\/en\/management-policy\/\",\"name\":\"Management Policy - Rovim\u00e1tica\",\"isPartOf\":{\"@id\":\"https:\/\/www.rovimatica.com\/#website\"},\"datePublished\":\"2025-04-11T09:07:11+00:00\",\"dateModified\":\"2026-04-07T08:04:58+00:00\",\"breadcrumb\":{\"@id\":\"https:\/\/www.rovimatica.com\/en\/management-policy\/#breadcrumb\"},\"inLanguage\":\"en-US\",\"potentialAction\":[{\"@type\":\"ReadAction\",\"target\":[\"https:\/\/www.rovimatica.com\/en\/management-policy\/\"]}]},{\"@type\":\"BreadcrumbList\",\"@id\":\"https:\/\/www.rovimatica.com\/en\/management-policy\/#breadcrumb\",\"itemListElement\":[{\"@type\":\"ListItem\",\"position\":1,\"name\":\"Portada\",\"item\":\"https:\/\/www.rovimatica.com\/en\/\"},{\"@type\":\"ListItem\",\"position\":2,\"name\":\"Management Policy\"}]},{\"@type\":\"WebSite\",\"@id\":\"https:\/\/www.rovimatica.com\/#website\",\"url\":\"https:\/\/www.rovimatica.com\/\",\"name\":\"Rovim\u00e1tica\",\"description\":\"Automatizaci\u00f3n industrial, visi\u00f3n artificial, veh\u00edculos industriales\",\"publisher\":{\"@id\":\"https:\/\/www.rovimatica.com\/#organization\"},\"potentialAction\":[{\"@type\":\"SearchAction\",\"target\":{\"@type\":\"EntryPoint\",\"urlTemplate\":\"https:\/\/www.rovimatica.com\/?s={search_term_string}\"},\"query-input\":{\"@type\":\"PropertyValueSpecification\",\"valueRequired\":true,\"valueName\":\"search_term_string\"}}],\"inLanguage\":\"en-US\"},{\"@type\":\"Organization\",\"@id\":\"https:\/\/www.rovimatica.com\/#organization\",\"name\":\"Rovim\u00e1tica\",\"url\":\"https:\/\/www.rovimatica.com\/\",\"logo\":{\"@type\":\"ImageObject\",\"inLanguage\":\"en-US\",\"@id\":\"https:\/\/www.rovimatica.com\/#\/schema\/logo\/image\/\",\"url\":\"https:\/\/www.rovimatica.com\/wp-content\/uploads\/2025\/05\/logo-blue-1.svg\",\"contentUrl\":\"https:\/\/www.rovimatica.com\/wp-content\/uploads\/2025\/05\/logo-blue-1.svg\",\"width\":254,\"height\":53,\"caption\":\"Rovim\u00e1tica\"},\"image\":{\"@id\":\"https:\/\/www.rovimatica.com\/#\/schema\/logo\/image\/\"}}]}<\/script>\n<!-- \/ Yoast SEO plugin. -->","yoast_head_json":{"title":"Management Policy - Rovim\u00e1tica","robots":{"index":"index","follow":"follow","max-snippet":"max-snippet:-1","max-image-preview":"max-image-preview:large","max-video-preview":"max-video-preview:-1"},"canonical":"https:\/\/www.rovimatica.com\/en\/management-policy\/","og_locale":"en_US","og_type":"article","og_title":"Management Policy - Rovim\u00e1tica","og_url":"https:\/\/www.rovimatica.com\/en\/management-policy\/","og_site_name":"Rovim\u00e1tica","article_modified_time":"2026-04-07T08:04:58+00:00","twitter_card":"summary_large_image","twitter_misc":{"Est. reading time":"2 minutes"},"schema":{"@context":"https:\/\/schema.org","@graph":[{"@type":"WebPage","@id":"https:\/\/www.rovimatica.com\/en\/management-policy\/","url":"https:\/\/www.rovimatica.com\/en\/management-policy\/","name":"Management Policy - Rovim\u00e1tica","isPartOf":{"@id":"https:\/\/www.rovimatica.com\/#website"},"datePublished":"2025-04-11T09:07:11+00:00","dateModified":"2026-04-07T08:04:58+00:00","breadcrumb":{"@id":"https:\/\/www.rovimatica.com\/en\/management-policy\/#breadcrumb"},"inLanguage":"en-US","potentialAction":[{"@type":"ReadAction","target":["https:\/\/www.rovimatica.com\/en\/management-policy\/"]}]},{"@type":"BreadcrumbList","@id":"https:\/\/www.rovimatica.com\/en\/management-policy\/#breadcrumb","itemListElement":[{"@type":"ListItem","position":1,"name":"Portada","item":"https:\/\/www.rovimatica.com\/en\/"},{"@type":"ListItem","position":2,"name":"Management Policy"}]},{"@type":"WebSite","@id":"https:\/\/www.rovimatica.com\/#website","url":"https:\/\/www.rovimatica.com\/","name":"Rovim\u00e1tica","description":"Automatizaci\u00f3n industrial, visi\u00f3n artificial, veh\u00edculos industriales","publisher":{"@id":"https:\/\/www.rovimatica.com\/#organization"},"potentialAction":[{"@type":"SearchAction","target":{"@type":"EntryPoint","urlTemplate":"https:\/\/www.rovimatica.com\/?s={search_term_string}"},"query-input":{"@type":"PropertyValueSpecification","valueRequired":true,"valueName":"search_term_string"}}],"inLanguage":"en-US"},{"@type":"Organization","@id":"https:\/\/www.rovimatica.com\/#organization","name":"Rovim\u00e1tica","url":"https:\/\/www.rovimatica.com\/","logo":{"@type":"ImageObject","inLanguage":"en-US","@id":"https:\/\/www.rovimatica.com\/#\/schema\/logo\/image\/","url":"https:\/\/www.rovimatica.com\/wp-content\/uploads\/2025\/05\/logo-blue-1.svg","contentUrl":"https:\/\/www.rovimatica.com\/wp-content\/uploads\/2025\/05\/logo-blue-1.svg","width":254,"height":53,"caption":"Rovim\u00e1tica"},"image":{"@id":"https:\/\/www.rovimatica.com\/#\/schema\/logo\/image\/"}}]}},"_links":{"self":[{"href":"https:\/\/www.rovimatica.com\/en\/wp-json\/wp\/v2\/pages\/2487","targetHints":{"allow":["GET"]}}],"collection":[{"href":"https:\/\/www.rovimatica.com\/en\/wp-json\/wp\/v2\/pages"}],"about":[{"href":"https:\/\/www.rovimatica.com\/en\/wp-json\/wp\/v2\/types\/page"}],"author":[{"embeddable":true,"href":"https:\/\/www.rovimatica.com\/en\/wp-json\/wp\/v2\/users\/1"}],"replies":[{"embeddable":true,"href":"https:\/\/www.rovimatica.com\/en\/wp-json\/wp\/v2\/comments?post=2487"}],"version-history":[{"count":5,"href":"https:\/\/www.rovimatica.com\/en\/wp-json\/wp\/v2\/pages\/2487\/revisions"}],"predecessor-version":[{"id":2923,"href":"https:\/\/www.rovimatica.com\/en\/wp-json\/wp\/v2\/pages\/2487\/revisions\/2923"}],"wp:attachment":[{"href":"https:\/\/www.rovimatica.com\/en\/wp-json\/wp\/v2\/media?parent=2487"}],"curies":[{"name":"wp","href":"https:\/\/api.w.org\/{rel}","templated":true}]}}